{"id":4411,"date":"2024-03-30T20:49:32","date_gmt":"2024-03-30T19:49:32","guid":{"rendered":"https:\/\/www.borghettigiampiero.it\/borghetti-giampiero-castrum-platinum-collection\/"},"modified":"2025-01-23T11:54:06","modified_gmt":"2025-01-23T10:54:06","slug":"borghetti-giampiero-castrum-platinum-collection","status":"publish","type":"page","link":"https:\/\/www.borghettigiampiero.it\/de\/borghetti-giampiero-castrum-platinum-collection\/","title":{"rendered":"Borghetti Giampiero Castrum Platinum Collection"},"content":{"rendered":"<p>[et_pb_section fb_built=&#8220;1&#8243; custom_padding_last_edited=&#8220;on|desktop&#8220; _builder_version=&#8220;4.24.3&#8243; _module_preset=&#8220;default&#8220; background_color=&#8220;rgba(17,17,17,0.89)&#8220; background_image=&#8220;https:\/\/www.borghettigiampiero.it\/wp-content\/uploads\/2024\/03\/BG_Castrum-Platinum-Collecion.webp&#8220; background_blend=&#8220;overlay&#8220; custom_padding=&#8220;102px||32px||false|false&#8220; custom_padding_tablet=&#8220;250px||250px||true|false&#8220; custom_padding_phone=&#8220;50px||150px||false|false&#8220; background_last_edited=&#8220;on|phone&#8220; background_size_phone=&#8220;cover&#8220; background_position_tablet=&#8220;bottom_center&#8220; background_position_phone=&#8220;bottom_center&#8220; locked=&#8220;off&#8220; global_colors_info=&#8220;{}&#8220;][et_pb_row _builder_version=&#8220;4.16&#8243; _module_preset=&#8220;default&#8220; global_colors_info=&#8220;{}&#8220;][et_pb_column type=&#8220;4_4&#8243; _builder_version=&#8220;4.16&#8243; _module_preset=&#8220;default&#8220; global_colors_info=&#8220;{}&#8220;][et_pb_text _builder_version=&#8220;4.24.2&#8243; _module_preset=&#8220;default&#8220; header_font=&#8220;BG Brisely Corsivo|300|||||||&#8220; header_text_align=&#8220;center&#8220; header_text_color=&#8220;#D4AF37&#8243; header_font_size=&#8220;90px&#8220; header_line_height=&#8220;1.3em&#8220; header_2_font=&#8220;BG Brisely Corsivo||||||||&#8220; header_2_text_align=&#8220;center&#8220; header_2_font_size=&#8220;90px&#8220; header_2_line_height=&#8220;1.5em&#8220; custom_margin=&#8220;||10px||false|false&#8220; header_font_size_tablet=&#8220;60px&#8220; header_font_size_phone=&#8220;35px&#8220; header_font_size_last_edited=&#8220;on|tablet&#8220; header_2_font_size_tablet=&#8220;60px&#8220; header_2_font_size_phone=&#8220;35px&#8220; header_2_font_size_last_edited=&#8220;on|desktop&#8220; locked=&#8220;off&#8220; global_colors_info=&#8220;{}&#8220;]<\/p>\n<h2><strong><em>Castrum<\/em><\/strong><\/h2>\n<h1><em>Platinum Collection<\/em><\/h1>\n<p>[\/et_pb_text][et_pb_text _builder_version=&#8220;4.24.2&#8243; _module_preset=&#8220;default&#8220; text_font=&#8220;Poppins|||on|||||&#8220; text_letter_spacing=&#8220;5px&#8220; text_line_height=&#8220;1em&#8220; text_orientation=&#8220;center&#8220; background_layout=&#8220;dark&#8220; custom_margin=&#8220;||40px||false|false&#8220; custom_padding=&#8220;|||350px|false|false&#8220; custom_padding_tablet=&#8220;|||200px|false|false&#8220; custom_padding_phone=&#8220;|||0px|false|false&#8220; custom_padding_last_edited=&#8220;on|tablet&#8220; text_font_size_tablet=&#8220;&#8220; text_font_size_phone=&#8220;13px&#8220; text_font_size_last_edited=&#8220;on|phone&#8220; text_line_height_tablet=&#8220;1em&#8220; text_line_height_phone=&#8220;1.7em&#8220; text_line_height_last_edited=&#8220;on|phone&#8220; locked=&#8220;off&#8220; global_colors_info=&#8220;{}&#8220;]<\/p>\n<p>&#8211; Die den Werken von Innocenzo Fraccaroli gewidmete Sammlung<\/p>\n<p>[\/et_pb_text][\/et_pb_column][\/et_pb_row][\/et_pb_section][et_pb_section fb_built=&#8220;1&#8243; admin_label=&#8220;Collezione&#8220; module_id=&#8220;Sammlung&#8220; _builder_version=&#8220;4.24.2&#8243; _module_preset=&#8220;default&#8220; background_color=&#8220;#111111&#8243; custom_padding=&#8220;||0px|||&#8220; animation_direction=&#8220;bottom&#8220; global_colors_info=&#8220;{}&#8220;][et_pb_row column_structure=&#8220;1_4,3_4&#8243; use_custom_gutter=&#8220;on&#8220; gutter_width=&#8220;2&#8243; _builder_version=&#8220;4.24.2&#8243; _module_preset=&#8220;default&#8220; custom_padding=&#8220;||0px|||&#8220; global_colors_info=&#8220;{}&#8220;][et_pb_column type=&#8220;1_4&#8243; _builder_version=&#8220;4.16&#8243; _module_preset=&#8220;default&#8220; global_colors_info=&#8220;{}&#8220;][et_pb_text content_tablet=&#8220;<\/p>\n<h4>Borghetti Giampiero<\/h4>\n<h3> Valpolicella Signature Kollektion<\/h3>\n<p>&#8220; content_phone=&#8220;<\/p>\n<h4>Borghetti Giampiero<\/h4>\n<h3>\n<p> Castrum Platin Kollektion<\/h3>\n<p>&#8220; content_last_edited=&#8220;on|desktop&#8220; _builder_version=&#8220;4.24.2&#8243; _module_preset=&#8220;default&#8220; header_font=&#8220;|300|||||||&#8220; header_2_font=&#8220;||||||||&#8220; header_2_text_color=&#8220;#FFFFFF&#8220; header_2_font_size=&#8220;80px&#8220; header_2_line_height=&#8220;1.2em&#8220; header_3_font=&#8220;BG Brisely Corsivo||||||||&#8220; header_3_font_size=&#8220;40px&#8220; header_3_line_height=&#8220;1.3em&#8220; header_4_font=&#8220;|300|||||||&#8220; header_4_font_size=&#8220;25px&#8220; header_2_font_size_tablet=&#8220;50px&#8220; header_2_font_size_phone=&#8220;35px&#8220; header_2_font_size_last_edited=&#8220;on|tablet&#8220; header_3_font_tablet=&#8220;BG Brisely Corsivo|300|||||||&#8220; header_3_font_phone=&#8220;BG Brisely Corsivo|300|||||||&#8220; header_3_font_last_edited=&#8220;on|phone&#8220; header_3_font_size_tablet=&#8220;40px&#8220; header_3_font_size_phone=&#8220;30px&#8220; header_3_font_size_last_edited=&#8220;on|desktop&#8220; global_colors_info=&#8220;{}&#8220;]<\/p>\n<h4>Borghetti Giampiero<\/h4>\n<h3>\n<p> C<em>astrum<\/em> Platin Kollektion<\/h3>\n<p>[\/et_pb_text][\/et_pb_column][et_pb_column type=&#8220;3_4&#8243; _builder_version=&#8220;4.16&#8243; _module_preset=&#8220;default&#8220; global_colors_info=&#8220;{}&#8220;][et_pb_text _builder_version=&#8220;4.27.4&#8243; _module_preset=&#8220;default&#8220; text_font=&#8220;|300|||||||&#8220; text_text_color=&#8220;#FFFFFF&#8220; text_font_size=&#8220;16px&#8220; global_colors_info=&#8220;{}&#8220;]<\/p>\n<p>Der Weinkeller Giampiero Borghetti widmet eine vollst\u00e4ndige Sammlung von 5 Weine Valpolicella DOC, seinem Vorg\u00e4nger, dem Bildhauer Innocenzo Fraccaroli und dessen Werke unermesslichen Wertes: die Sammlung CASTRUM.<\/p>\n<p>Diese Premium-Linie w\u00e4hlte f\u00fcnf der sch\u00f6nsten Skulpturen von Innocenzo Fraccaroli als Stars f\u00fcr die Etiketten und den gew\u00e4hlten Stil der Kollektion.<\/p>\n<p>Die Weine der CASTRUM Platinum Collection k\u00f6nnen exklusiv in den CASTRUM WINE RELAIS verkostet und erworben werden, darunter auch in der CASTRUM WINE BAR BISTRO, dem Geburtshaus des Bildhauers Innocenzo Fraccaroli. Erfahren Sie mehr unter<a href=\"http:\/\/www.castrumvalpolicella.it\" target=\"_blank\" rel=\"noopener\">www.castrumvalpolicella.it<\/a><\/p>\n<p>&nbsp;<\/p>\n<ul>\n<li><strong>L&#8217;ACHILLE: Amarone della Valpolicella DOCG Classico<\/strong><\/li>\n<li><strong>L&#8217;ACHILLE: Amarone della Valpolicella DOCG Classico Riserva<br \/><\/strong><\/li>\n<li><strong>L&#8217;ICARO: Corvina Veronese IGT<\/strong><\/li>\n<li><strong>LA CLIZIA: Recioto della Valpolicella DOCG Classico<\/strong><\/li>\n<li><strong>IL DAVIDE: Valpolicella Ripasso Classico Superiore DOC<\/strong><\/li>\n<li><strong>LA GIUSTIZIA: Valpolicella DOC Classico<\/strong><\/li>\n<\/ul>\n<p>[\/et_pb_text][\/et_pb_column][\/et_pb_row][\/et_pb_section][et_pb_section fb_built=&#8220;1&#8243; _builder_version=&#8220;4.24.2&#8243; _module_preset=&#8220;default&#8220; background_color=&#8220;#111111&#8243; custom_padding=&#8220;29px|||||&#8220; animation_style=&#8220;zoom&#8220; animation_duration=&#8220;1500ms&#8220; animation_delay=&#8220;300ms&#8220; animation_intensity_zoom=&#8220;20%&#8220; global_colors_info=&#8220;{}&#8220;][et_pb_row disabled_on=&#8220;on|off|off&#8220; _builder_version=&#8220;4.24.2&#8243; _module_preset=&#8220;default&#8220; global_colors_info=&#8220;{}&#8220;][et_pb_column type=&#8220;4_4&#8243; _builder_version=&#8220;4.24.2&#8243; _module_preset=&#8220;default&#8220; global_colors_info=&#8220;{}&#8220;][dipi_hover_box content_hover_title=&#8220;Mehr&#8220; use_content_hover_button=&#8220;on&#8220; content_hover_button_text=&#8220;Zur Website&#8220; content_hover_button_link=&#8220;https:\/\/www.castrumvalpolicella.it\/wine-relais-con-cantina-valpolicella&#8220; content_hover_button_link_target=&#8220;on&#8220; content_hover_bg_color=&#8220;rgba(17,17,17,0.4)&#8220; _builder_version=&#8220;4.24.2&#8243; _module_preset=&#8220;default&#8220; content_hover_title_font_size=&#8220;30px&#8220; content_hover_title_line_height=&#8220;1.4em&#8220; background_image=&#8220;https:\/\/www.borghettigiampiero.it\/wp-content\/uploads\/2024\/03\/BG_Castrum-Platinum-Collecion.webp&#8220; background_size=&#8220;initial&#8220; custom_content_hover_button=&#8220;on&#8220; content_hover_button_letter_spacing=&#8220;1px&#8220; content_hover_button_use_icon=&#8220;off&#8220; max_width=&#8220;950px&#8220; module_alignment=&#8220;center&#8220; content_hover_title_font_size_tablet=&#8220;30px&#8220; content_hover_title_font_size_phone=&#8220;25px&#8220; content_hover_title_font_size_last_edited=&#8220;on|phone&#8220; border_width_all=&#8220;5px&#8220; border_color_all=&#8220;#D4AF37&#8243; global_colors_info=&#8220;{}&#8220;][\/dipi_hover_box][\/et_pb_column][\/et_pb_row][et_pb_row _builder_version=&#8220;4.24.2&#8243; _module_preset=&#8220;default&#8220; global_colors_info=&#8220;{}&#8220;][et_pb_column type=&#8220;4_4&#8243; _builder_version=&#8220;4.24.2&#8243; _module_preset=&#8220;default&#8220; global_colors_info=&#8220;{}&#8220;][et_pb_image src=&#8220;https:\/\/www.borghettigiampiero.it\/wp-content\/uploads\/2024\/03\/BG_Castrum-Platinum-Collecion.webp&#8220; title_text=&#8220;BG_Castrum-Platinum-Collecion&#8220; align=&#8220;center&#8220; disabled_on=&#8220;off|on|on&#8220; _builder_version=&#8220;4.24.2&#8243; _module_preset=&#8220;default&#8220; custom_margin=&#8220;||11px|||&#8220; border_width_all=&#8220;5px&#8220; border_color_all=&#8220;#D4AF37&#8243; global_colors_info=&#8220;{}&#8220;][\/et_pb_image][et_pb_text disabled_on=&#8220;off|on|on&#8220; _builder_version=&#8220;4.24.2&#8243; _module_preset=&#8220;default&#8220; text_font_size=&#8220;19px&#8220; header_4_font_size=&#8220;25px&#8220; text_orientation=&#8220;center&#8220; custom_margin=&#8220;19px||14px|||&#8220; global_colors_info=&#8220;{}&#8220;]<\/p>\n<h4>Mehr<\/h4>\n<p>[\/et_pb_text][et_pb_button button_url=&#8220;https:\/\/www.castrumvalpolicella.it\/wine-relais-con-cantina-valpolicella&#8220; url_new_window=&#8220;on&#8220; button_text=&#8220;Zur Website&#8220; button_alignment=&#8220;center&#8220; disabled_on=&#8220;off|on|on&#8220; _builder_version=&#8220;4.24.2&#8243; _module_preset=&#8220;default&#8220; custom_button=&#8220;on&#8220; button_letter_spacing=&#8220;2px&#8220; button_use_icon=&#8220;off&#8220; custom_margin=&#8220;||||false|false&#8220; custom_padding=&#8220;||||false|false&#8220; global_colors_info=&#8220;{}&#8220;][\/et_pb_button][\/et_pb_column][\/et_pb_row][\/et_pb_section]<\/p>\n","protected":false},"excerpt":{"rendered":"<p>Castrum Platinum Collection- Die den Werken von Innocenzo Fraccaroli gewidmete SammlungBorghetti Giampiero Castrum Platin KollektionDer Weinkeller Giampiero Borghetti widmet eine vollst\u00e4ndige Sammlung von 5 Weine Valpolicella DOC, seinem Vorg\u00e4nger, dem Bildhauer Innocenzo Fraccaroli und dessen Werke unermesslichen Wertes: die Sammlung CASTRUM. Diese Premium-Linie w\u00e4hlte f\u00fcnf der sch\u00f6nsten Skulpturen von Innocenzo Fraccaroli als Stars f\u00fcr die [&hellip;]<\/p>\n","protected":false},"author":1,"featured_media":3811,"parent":0,"menu_order":0,"comment_status":"closed","ping_status":"closed","template":"","meta":{"_et_pb_use_builder":"on","_et_pb_old_content":"","_et_gb_content_width":"","footnotes":""},"class_list":["post-4411","page","type-page","status-publish","has-post-thumbnail","hentry"],"_links":{"self":[{"href":"https:\/\/www.borghettigiampiero.it\/de\/wp-json\/wp\/v2\/pages\/4411","targetHints":{"allow":["GET"]}}],"collection":[{"href":"https:\/\/www.borghettigiampiero.it\/de\/wp-json\/wp\/v2\/pages"}],"about":[{"href":"https:\/\/www.borghettigiampiero.it\/de\/wp-json\/wp\/v2\/types\/page"}],"author":[{"embeddable":true,"href":"https:\/\/www.borghettigiampiero.it\/de\/wp-json\/wp\/v2\/users\/1"}],"replies":[{"embeddable":true,"href":"https:\/\/www.borghettigiampiero.it\/de\/wp-json\/wp\/v2\/comments?post=4411"}],"version-history":[{"count":0,"href":"https:\/\/www.borghettigiampiero.it\/de\/wp-json\/wp\/v2\/pages\/4411\/revisions"}],"wp:featuredmedia":[{"embeddable":true,"href":"https:\/\/www.borghettigiampiero.it\/de\/wp-json\/wp\/v2\/media\/3811"}],"wp:attachment":[{"href":"https:\/\/www.borghettigiampiero.it\/de\/wp-json\/wp\/v2\/media?parent=4411"}],"curies":[{"name":"wp","href":"https:\/\/api.w.org\/{rel}","templated":true}]}}