{"id":4425,"date":"2024-03-30T20:32:57","date_gmt":"2024-03-30T19:32:57","guid":{"rendered":"https:\/\/www.borghettigiampiero.it\/borghetti-giampiero-valpolicella-signature-collection\/"},"modified":"2025-09-25T02:16:56","modified_gmt":"2025-09-25T00:16:56","slug":"borghetti-giampiero-valpolicella-signature-collection","status":"publish","type":"page","link":"https:\/\/www.borghettigiampiero.it\/de\/borghetti-giampiero-valpolicella-signature-collection\/","title":{"rendered":"Borghetti Giampiero Valpolicella Signature Collection"},"content":{"rendered":"<p>[et_pb_section fb_built=&#8220;1&#8243; custom_padding_last_edited=&#8220;on|phone&#8220; _builder_version=&#8220;4.27.4&#8243; _module_preset=&#8220;default&#8220; background_color=&#8220;rgba(17,17,17,0.8)&#8220; background_image=&#8220;https:\/\/www.borghettigiampiero.it\/wp-content\/uploads\/2025\/08\/BG_Header-Signature_Collection_2025.webp&#8220; background_blend=&#8220;overlay&#8220; min_height=&#8220;100vh&#8220; min_height_tablet=&#8220;80vh&#8220; min_height_phone=&#8220;80vh&#8220; min_height_last_edited=&#8220;on|tablet&#8220; custom_padding=&#8220;250px||0px||false|false&#8220; custom_padding_tablet=&#8220;250px||250px||true|false&#8220; custom_padding_phone=&#8220;30%||30%||true|false&#8220; background_last_edited=&#8220;on|tablet&#8220; background_position_tablet=&#8220;bottom_center&#8220; background_position_phone=&#8220;bottom_center&#8220; locked=&#8220;off&#8220; global_colors_info=&#8220;{}&#8220;][et_pb_row _builder_version=&#8220;4.16&#8243; _module_preset=&#8220;default&#8220; global_colors_info=&#8220;{}&#8220;][et_pb_column type=&#8220;4_4&#8243; _builder_version=&#8220;4.16&#8243; _module_preset=&#8220;default&#8220; global_colors_info=&#8220;{}&#8220;][et_pb_text _builder_version=&#8220;4.24.2&#8243; _module_preset=&#8220;default&#8220; header_font=&#8220;BG Brisely Corsivo|300|||||||&#8220; header_text_align=&#8220;center&#8220; header_text_color=&#8220;#D4AF37&#8243; header_font_size=&#8220;90px&#8220; header_line_height=&#8220;1.5em&#8220; header_2_font=&#8220;BG Brisely Corsivo||||||||&#8220; header_2_text_align=&#8220;center&#8220; header_2_font_size=&#8220;90px&#8220; header_2_line_height=&#8220;1.5em&#8220; custom_margin=&#8220;||10px||false|false&#8220; header_font_size_tablet=&#8220;60px&#8220; header_font_size_phone=&#8220;35px&#8220; header_font_size_last_edited=&#8220;on|phone&#8220; header_2_font_size_tablet=&#8220;60px&#8220; header_2_font_size_phone=&#8220;35px&#8220; header_2_font_size_last_edited=&#8220;on|desktop&#8220; locked=&#8220;off&#8220; global_colors_info=&#8220;{}&#8220;]<\/p>\n<h2><strong><em>Valpolicella<\/em><\/strong><\/h2>\n<h1><em>Signature Collection<\/em><\/h1>\n<p>[\/et_pb_text][et_pb_text _builder_version=&#8220;4.24.2&#8243; _module_preset=&#8220;default&#8220; text_font=&#8220;Poppins|||on|||||&#8220; text_letter_spacing=&#8220;5px&#8220; text_line_height=&#8220;1em&#8220; text_orientation=&#8220;center&#8220; background_layout=&#8220;dark&#8220; custom_margin=&#8220;||40px||false|false&#8220; custom_padding=&#8220;|||350px|false|false&#8220; custom_padding_tablet=&#8220;|||200px|false|false&#8220; custom_padding_phone=&#8220;|||0px|false|false&#8220; custom_padding_last_edited=&#8220;on|tablet&#8220; text_font_size_tablet=&#8220;&#8220; text_font_size_phone=&#8220;13px&#8220; text_font_size_last_edited=&#8220;on|phone&#8220; text_line_height_tablet=&#8220;1em&#8220; text_line_height_phone=&#8220;1.7em&#8220; text_line_height_last_edited=&#8220;on|phone&#8220; locked=&#8220;off&#8220; global_colors_info=&#8220;{}&#8220;]<\/p>\n<p>&#8211; Die Sammlung von Borghetti Giampiero<\/p>\n<p>[\/et_pb_text][\/et_pb_column][\/et_pb_row][\/et_pb_section][et_pb_section fb_built=&#8220;1&#8243; admin_label=&#8220;Collezione&#8220; module_id=&#8220;Sammlung&#8220; _builder_version=&#8220;4.24.2&#8243; _module_preset=&#8220;default&#8220; background_color=&#8220;#111111&#8243; custom_padding=&#8220;||0px|||&#8220; animation_direction=&#8220;bottom&#8220; global_colors_info=&#8220;{}&#8220;][et_pb_row column_structure=&#8220;1_4,3_4&#8243; use_custom_gutter=&#8220;on&#8220; gutter_width=&#8220;2&#8243; _builder_version=&#8220;4.24.2&#8243; _module_preset=&#8220;default&#8220; custom_padding=&#8220;||0px|||&#8220; global_colors_info=&#8220;{}&#8220;][et_pb_column type=&#8220;1_4&#8243; _builder_version=&#8220;4.16&#8243; _module_preset=&#8220;default&#8220; global_colors_info=&#8220;{}&#8220;][et_pb_text content_tablet=&#8220;<\/p>\n<h4>Borghetti Giampiero<\/h4>\n<h3>Valpolicella Signature Kollektion<\/h3>\n<p>&#8220; content_phone=&#8220;<\/p>\n<h4>Borghetti Giampiero<\/h4>\n<h3>Valpolicella Signature Kollektion<\/h3>\n<p>&#8220; content_last_edited=&#8220;on|tablet&#8220; _builder_version=&#8220;4.24.2&#8243; _module_preset=&#8220;default&#8220; header_font=&#8220;|300|||||||&#8220; header_2_font=&#8220;|900|||||||&#8220; header_2_text_color=&#8220;#FFFFFF&#8220; header_2_font_size=&#8220;80px&#8220; header_2_line_height=&#8220;1.2em&#8220; header_3_font=&#8220;BG Brisely Corsivo||||||||&#8220; header_3_font_size=&#8220;40px&#8220; header_3_line_height=&#8220;1.7em&#8220; header_4_font=&#8220;|300|||||||&#8220; header_4_font_size=&#8220;25px&#8220; header_2_font_size_tablet=&#8220;50px&#8220; header_2_font_size_phone=&#8220;35px&#8220; header_2_font_size_last_edited=&#8220;on|phone&#8220; header_3_font_tablet=&#8220;BG Brisely Corsivo|300|||||||&#8220; header_3_font_phone=&#8220;BG Brisely Corsivo|700|||||||&#8220; header_3_font_last_edited=&#8220;on|desktop&#8220; header_3_font_size_tablet=&#8220;40px&#8220; header_3_font_size_phone=&#8220;25px&#8220; header_3_font_size_last_edited=&#8220;on|tablet&#8220; global_colors_info=&#8220;{}&#8220;]<\/p>\n<h4>Borghetti Giampiero<\/h4>\n<h3>\n<p> V<em>alpolicella<\/em> Signature Kollektion<\/h3>\n<p>[\/et_pb_text][\/et_pb_column][et_pb_column type=&#8220;3_4&#8243; _builder_version=&#8220;4.16&#8243; _module_preset=&#8220;default&#8220; global_colors_info=&#8220;{}&#8220;][et_pb_text _builder_version=&#8220;4.27.4&#8243; _module_preset=&#8220;default&#8220; text_font=&#8220;|300|||||||&#8220; text_text_color=&#8220;#FFFFFF&#8220; text_font_size=&#8220;16px&#8220; global_colors_info=&#8220;{}&#8220;]<\/p>\n<p>La collezione <strong><em>Signature<\/em><\/strong>\u00e8 composta da vini della Valpolicella prodotti esclusivamente da Giampiero Borghetti, con atenzione, passione e rispettando metodi imparati fin da bambino. Nella collezione troviamo 4 vini DOC e DOCG piu 3 vini IGT &#8211; espressione del produttore.<\/p>\n<p><span style=\"text-decoration: underline;\">I vini classici proposti sono:<\/span><\/p>\n<ul>\n<li><strong>Valpolicella Classico DOC<\/strong><\/li>\n<li><strong>Valpolicella Classico Superiore DOC<\/strong><\/li>\n<li><strong>Valpolicella Ripasso Superiore DOC<\/strong><\/li>\n<li><strong>Amarone della Valpolicella DOCG<\/strong><\/li>\n<li><strong>Amarone Riserva della Valpolicella DOCG<\/strong><\/li>\n<\/ul>\n<p>Proponiamo anche una versione Magnum per Ripasso della Valpolicella DOC e per Amarone della Valpolicella DOCG.<\/p>\n<p><span style=\"text-decoration: underline;\">I vini IGT con uve della Valpolicella sono:<\/span><\/p>\n<p>&nbsp;<\/p>\n<ul>\n<li><strong>Le 4 Vigne &#8211; IGT rosso Verona<\/strong>: una interpretazione personale che riprende un&#8217;etichetta storica della famiglia, etichetta che ha vinto nel 1987 il primo premio fra vini dei 5 comuni della Valpolicella Classica. Un vino prodotto con le stesse uve di Valpolicella classico DOC ma con un leggero apassimento.<\/li>\n<li><strong>CORVINA &#8211; IGT Rosso Verona<\/strong>: un&#8217;espressione decisa dello stile del produttore, creata con uva regina delle uve della Valpolicella &#8211; Corvina &#8211; leggermente appasita e poi affinata per mesi nelle botti di rovere di Slavonia.<\/li>\n<li><strong>DOLCEVITA &#8211; IGT Passito Dolce<\/strong>: un vino prodotto come il recioto, di una volta, con un grado di zuccheri sotto la soglia di Recioto contemporaneo, apprezzato anche da chi non \u00e8 amante dei vini dolci e passiti. Una edizione limitata, con bottiglie numerate, fa di queste piccole bottiglie quasi gioielli e articoli regalo originali.<\/li>\n<li><strong>RIFLESSI Rosso Fresco &#8211; IGT Rosso Verona: ein <\/strong>frischer Rotwein, der mit der Technik der Kryomazeration hergestellt wird und ausschlie\u00dflich aus Valpolicella-Trauben besteht. Ein Wein, der gek\u00fchlt serviert werden sollte, wie ein Wei\u00dfwein, eine Explosion von frischen Fruchtaromen und eine unwiderstehliche Farbe.<\/li>\n<\/ul>\n<p>[\/et_pb_text][\/et_pb_column][\/et_pb_row][\/et_pb_section][et_pb_section fb_built=&#8220;1&#8243; _builder_version=&#8220;4.24.2&#8243; _module_preset=&#8220;default&#8220; background_color=&#8220;#111111&#8243; custom_padding=&#8220;29px|||||&#8220; animation_style=&#8220;zoom&#8220; animation_duration=&#8220;1500ms&#8220; animation_delay=&#8220;300ms&#8220; animation_intensity_zoom=&#8220;20%&#8220; global_colors_info=&#8220;{}&#8220;][et_pb_row _builder_version=&#8220;4.24.2&#8243; _module_preset=&#8220;default&#8220; global_colors_info=&#8220;{}&#8220;][et_pb_column type=&#8220;4_4&#8243; _builder_version=&#8220;4.24.2&#8243; _module_preset=&#8220;default&#8220; global_colors_info=&#8220;{}&#8220;][dipi_carousel columns=&#8220;7&#8243; container_padding=&#8220;0px|0px|0px|0px|true|true&#8220; autoplay_wide=&#8220;on&#8220; pause_on_hover_wide=&#8220;on&#8220; loop_mid=&#8220;on&#8220; autoplay_mid=&#8220;on&#8220; loop_small=&#8220;on&#8220; autoplay_small=&#8220;on&#8220; show_lightbox=&#8220;off&#8220; pagination=&#8220;on&#8220; pagination_color=&#8220;#848269&#8243; pagination_active_color=&#8220;#848269&#8243; columns_tablet=&#8220;3&#8243; columns_phone=&#8220;2&#8243; columns_last_edited=&#8220;on|phone&#8220; navigation_last_edited=&#8220;off|desktop&#8220; _builder_version=&#8220;4.27.4&#8243; _module_preset=&#8220;default&#8220; title_font=&#8220;||||||||&#8220; title_text_color=&#8220;#D4AF37&#8243; title_font_size=&#8220;25px&#8220; title_letter_spacing=&#8220;1px&#8220; desc_font=&#8220;Playfair Display||||||||&#8220; desc_text_color=&#8220;#D4AF37&#8243; desc_font_size=&#8220;18px&#8220; desc_line_height=&#8220;1.5em&#8220; background_color=&#8220;#111111&#8243; hover_enabled=&#8220;0&#8243; title_font_size_tablet=&#8220;20px&#8220; title_font_size_phone=&#8220;16px&#8220; title_font_size_last_edited=&#8220;on|phone&#8220; locked=&#8220;off&#8220; global_colors_info=&#8220;{}&#8220; sticky_enabled=&#8220;0&#8243;][dipi_carousel_child label=&#8220;Valpolicella&#8220; img_src=&#8220;https:\/\/www.borghettigiampiero.it\/wp-content\/uploads\/2024\/03\/Valpolicella.webp&#8220; img_alt=&#8220;Valpolicella Classico&#8220; title_text=&#8220;Valpolicella&#8220; desc_text=&#8220;<\/p>\n<p>Classico DOC<\/p>\n<p>&#8220; img_width=&#8220;125px&#8220; _builder_version=&#8220;4.27.4&#8243; _dynamic_attributes=&#8220;link_option_url&#8220; _module_preset=&#8220;default&#8220; title_level=&#8220;h2&#8243; title_font=&#8220;BG Visca Borghetti|300|||||||&#8220; title_font_size=&#8220;30px&#8220; title_letter_spacing=&#8220;0px&#8220; background_color=&#8220;#111111&#8243; background_enable_color=&#8220;on&#8220; custom_padding=&#8220;40px||||false|false&#8220; link_option_url=&#8220;@ET-DC@eyJkeW5hbWljIjp0cnVlLCJjb250ZW50IjoicG9zdF9saW5rX3VybF9wYWdlIiwic2V0dGluZ3MiOnsicG9zdF9pZCI6IjMwNzIiLCJlbmFibGVfaHRtbCI6Im9mZiJ9fQ==@&#8220; title_font_size_last_edited=&#8220;off|phone&#8220; border_color_all=&#8220;#111111&#8243; global_colors_info=&#8220;{}&#8220; transform_styles__hover_enabled=&#8220;on|hover&#8220; transform_scale__hover_enabled=&#8220;on|hover&#8220; transform_translate__hover_enabled=&#8220;on|desktop&#8220; transform_rotate__hover_enabled=&#8220;on|desktop&#8220; transform_skew__hover_enabled=&#8220;on|desktop&#8220; transform_origin__hover_enabled=&#8220;on|desktop&#8220; transform_scale__hover=&#8220;95%|95%&#8220;][\/dipi_carousel_child][dipi_carousel_child label=&#8220;Valpolicella Superiore&#8220; img_src=&#8220;https:\/\/www.borghettigiampiero.it\/wp-content\/uploads\/2025\/09\/BG_SUPERIORE-DOC.webp&#8220; alt=&#8220;Valpolicella Classico Superiore&#8220; img_alt=&#8220;Valpolicella Classico Superiore&#8220; title_text=&#8220;Valpolicella&#8220; desc_text=&#8220;<\/p>\n<p>Classico Superiore DOC<\/p>\n<p>&#8220; img_width=&#8220;125px&#8220; _builder_version=&#8220;4.27.4&#8243; _dynamic_attributes=&#8220;link_option_url&#8220; _module_preset=&#8220;default&#8220; title_level=&#8220;h2&#8243; title_font=&#8220;BG Visca Borghetti|300|||||||&#8220; title_font_size=&#8220;30px&#8220; title_letter_spacing=&#8220;0px&#8220; background_color=&#8220;#111111&#8243; background_enable_color=&#8220;on&#8220; custom_padding=&#8220;40px||||false|false&#8220; link_option_url=&#8220;@ET-DC@eyJkeW5hbWljIjp0cnVlLCJjb250ZW50IjoicG9zdF9saW5rX3VybF9wYWdlIiwic2V0dGluZ3MiOnsicG9zdF9pZCI6IjcxNDUiLCJlbmFibGVfaHRtbCI6Im9mZiJ9fQ==@&#8220; hover_enabled=&#8220;0&#8243; title_font_size_last_edited=&#8220;off|phone&#8220; border_color_all=&#8220;#111111&#8243; global_colors_info=&#8220;{}&#8220; transform_styles__hover_enabled=&#8220;on|hover&#8220; transform_scale__hover_enabled=&#8220;on|hover&#8220; transform_translate__hover_enabled=&#8220;on|desktop&#8220; transform_rotate__hover_enabled=&#8220;on|desktop&#8220; transform_skew__hover_enabled=&#8220;on|desktop&#8220; transform_origin__hover_enabled=&#8220;on|desktop&#8220; transform_scale__hover=&#8220;95%|95%&#8220; sticky_enabled=&#8220;0&#8243;][\/dipi_carousel_child][dipi_carousel_child label=&#8220;Ripasso&#8220; img_src=&#8220;https:\/\/www.borghettigiampiero.it\/wp-content\/uploads\/2025\/09\/BG_RIPASSO.webp&#8220; img_alt=&#8220;Ripasso della Valpolicella&#8220; title_text=&#8220;Ripasso&#8220; desc_text=&#8220;<\/p>\n<p>della Valpolicella Classico Superiore DOC<\/p>\n<p>&#8220; img_width=&#8220;125px&#8220; _builder_version=&#8220;4.27.4&#8243; _dynamic_attributes=&#8220;link_option_url&#8220; _module_preset=&#8220;default&#8220; title_font=&#8220;BG Visca Borghetti||||||||&#8220; title_font_size=&#8220;30px&#8220; background_color=&#8220;#111111&#8243; background_enable_color=&#8220;on&#8220; custom_padding=&#8220;40px||||false|false&#8220; link_option_url=&#8220;@ET-DC@eyJkeW5hbWljIjp0cnVlLCJjb250ZW50IjoicG9zdF9saW5rX3VybF9wYWdlIiwic2V0dGluZ3MiOnsicG9zdF9pZCI6IjMwNjQiLCJlbmFibGVfaHRtbCI6Im9mZiJ9fQ==@&#8220; hover_enabled=&#8220;0&#8243; border_color_all=&#8220;#111111&#8243; global_colors_info=&#8220;{}&#8220; transform_styles__hover_enabled=&#8220;on|hover&#8220; transform_scale__hover_enabled=&#8220;on|hover&#8220; transform_translate__hover_enabled=&#8220;on|desktop&#8220; transform_rotate__hover_enabled=&#8220;on|desktop&#8220; transform_skew__hover_enabled=&#8220;on|desktop&#8220; transform_origin__hover_enabled=&#8220;on|desktop&#8220; transform_scale__hover=&#8220;95%|95%&#8220; alt=&#8220;Ripasso&#8220; sticky_enabled=&#8220;0&#8243;][\/dipi_carousel_child][dipi_carousel_child label=&#8220;Amarone&#8220; img_src=&#8220;https:\/\/www.borghettigiampiero.it\/wp-content\/uploads\/2024\/03\/Amarone.webp&#8220; img_alt=&#8220;Amarone della Valpolicella&#8220; title_text=&#8220;Amarone&#8220; desc_text=&#8220;<\/p>\n<p>della Valpolicella Classico DOCG<\/p>\n<p>&#8220; img_width=&#8220;125px&#8220; _builder_version=&#8220;4.24.2&#8243; _dynamic_attributes=&#8220;link_option_url&#8220; _module_preset=&#8220;default&#8220; title_font=&#8220;BG Visca Borghetti||||||||&#8220; title_font_size=&#8220;30px&#8220; background_color=&#8220;#111111&#8243; background_enable_color=&#8220;on&#8220; custom_padding=&#8220;40px||||false|false&#8220; link_option_url=&#8220;@ET-DC@eyJkeW5hbWljIjp0cnVlLCJjb250ZW50IjoicG9zdF9saW5rX3VybF9wYWdlIiwic2V0dGluZ3MiOnsicG9zdF9pZCI6IjMwNDMiLCJlbmFibGVfaHRtbCI6Im9mZiJ9fQ==@&#8220; border_color_all=&#8220;#111111&#8243; global_colors_info=&#8220;{}&#8220; transform_styles__hover_enabled=&#8220;on|hover&#8220; transform_scale__hover_enabled=&#8220;on|hover&#8220; transform_translate__hover_enabled=&#8220;on|desktop&#8220; transform_rotate__hover_enabled=&#8220;on|desktop&#8220; transform_skew__hover_enabled=&#8220;on|desktop&#8220; transform_origin__hover_enabled=&#8220;on|desktop&#8220; transform_scale__hover=&#8220;95%|95%&#8220;][\/dipi_carousel_child][dipi_carousel_child label=&#8220;Amarone Riserva&#8220; img_src=&#8220;https:\/\/www.borghettigiampiero.it\/wp-content\/uploads\/2025\/09\/BG_AMARONE.webp&#8220; img_alt=&#8220;Amarone Riserva&#8220; title_text=&#8220;Amarone Riserva&#8220; desc_text=&#8220;<\/p>\n<p>della Valpolicella Classico DOCG<\/p>\n<p>&#8220; img_width=&#8220;125px&#8220; _builder_version=&#8220;4.27.4&#8243; _dynamic_attributes=&#8220;link_option_url&#8220; _module_preset=&#8220;default&#8220; title_font=&#8220;BG Visca Borghetti||||||||&#8220; title_font_size=&#8220;30px&#8220; background_color=&#8220;#111111&#8243; background_enable_color=&#8220;on&#8220; custom_padding=&#8220;40px||||false|false&#8220; link_option_url=&#8220;@ET-DC@eyJkeW5hbWljIjp0cnVlLCJjb250ZW50IjoicG9zdF9saW5rX3VybF9wYWdlIiwic2V0dGluZ3MiOnsicG9zdF9pZCI6IjQ2ODQiLCJlbmFibGVfaHRtbCI6Im9mZiJ9fQ==@&#8220; hover_enabled=&#8220;0&#8243; border_color_all=&#8220;#111111&#8243; global_colors_info=&#8220;{}&#8220; transform_styles__hover_enabled=&#8220;on|hover&#8220; transform_scale__hover_enabled=&#8220;on|hover&#8220; transform_translate__hover_enabled=&#8220;on|desktop&#8220; transform_rotate__hover_enabled=&#8220;on|desktop&#8220; transform_skew__hover_enabled=&#8220;on|desktop&#8220; transform_origin__hover_enabled=&#8220;on|desktop&#8220; transform_scale__hover=&#8220;95%|95%&#8220; alt=&#8220;Amarone Riserva&#8220; sticky_enabled=&#8220;0&#8243;][\/dipi_carousel_child][dipi_carousel_child label=&#8220;4 Vigne&#8220; img_src=&#8220;https:\/\/www.borghettigiampiero.it\/wp-content\/uploads\/2025\/09\/BG_LE-4-VIGNE.webp&#8220; title_text=&#8220;Le 4 Vigne&#8220; desc_text=&#8220;<\/p>\n<p>IGT Rosso Verona<\/p>\n<p>&#8220; img_width=&#8220;125px&#8220; _builder_version=&#8220;4.27.4&#8243; _dynamic_attributes=&#8220;link_option_url&#8220; _module_preset=&#8220;default&#8220; title_font=&#8220;BG_Arnold vigne||||||||&#8220; title_font_size=&#8220;30px&#8220; background_color=&#8220;#111111&#8243; background_enable_color=&#8220;on&#8220; custom_padding=&#8220;40px||||false|false&#8220; link_option_url=&#8220;@ET-DC@eyJkeW5hbWljIjp0cnVlLCJjb250ZW50IjoicG9zdF9saW5rX3VybF9wYWdlIiwic2V0dGluZ3MiOnsicG9zdF9pZCI6IjMwNzUiLCJlbmFibGVfaHRtbCI6Im9mZiJ9fQ==@&#8220; hover_enabled=&#8220;0&#8243; border_color_all=&#8220;#111111&#8243; global_colors_info=&#8220;{}&#8220; transform_styles__hover_enabled=&#8220;on|hover&#8220; transform_scale__hover_enabled=&#8220;on|hover&#8220; transform_translate__hover_enabled=&#8220;on|desktop&#8220; transform_rotate__hover_enabled=&#8220;on|desktop&#8220; transform_skew__hover_enabled=&#8220;on|desktop&#8220; transform_origin__hover_enabled=&#8220;on|desktop&#8220; transform_scale__hover=&#8220;95%|95%&#8220; alt=&#8220;Le 4 Vigne&#8220; img_alt=&#8220;Le 4 Vigne&#8220; sticky_enabled=&#8220;0&#8243;][\/dipi_carousel_child][dipi_carousel_child label=&#8220;Corvina&#8220; img_src=&#8220;https:\/\/www.borghettigiampiero.it\/wp-content\/uploads\/2025\/09\/BG_CORVINA.webp&#8220; title_text=&#8220;Corvina&#8220; desc_text=&#8220;<\/p>\n<p>Veronese IGT<\/p>\n<p>&#8220; img_width=&#8220;125px&#8220; _builder_version=&#8220;4.27.4&#8243; _dynamic_attributes=&#8220;link_option_url&#8220; _module_preset=&#8220;default&#8220; title_font=&#8220;BG Visca Borghetti||||||||&#8220; title_font_size=&#8220;30px&#8220; background_color=&#8220;#111111&#8243; background_enable_color=&#8220;on&#8220; custom_padding=&#8220;40px||||false|false&#8220; link_option_url=&#8220;@ET-DC@eyJkeW5hbWljIjp0cnVlLCJjb250ZW50IjoicG9zdF9saW5rX3VybF9wYWdlIiwic2V0dGluZ3MiOnsicG9zdF9pZCI6IjMwNzgiLCJlbmFibGVfaHRtbCI6Im9mZiJ9fQ==@&#8220; hover_enabled=&#8220;0&#8243; border_color_all=&#8220;#111111&#8243; global_colors_info=&#8220;{}&#8220; transform_styles__hover_enabled=&#8220;on|hover&#8220; transform_scale__hover_enabled=&#8220;on|hover&#8220; transform_translate__hover_enabled=&#8220;on|desktop&#8220; transform_rotate__hover_enabled=&#8220;on|desktop&#8220; transform_skew__hover_enabled=&#8220;on|desktop&#8220; transform_origin__hover_enabled=&#8220;on|desktop&#8220; transform_scale__hover=&#8220;95%|95%&#8220; alt=&#8220;Corvina&#8220; img_alt=&#8220;Corvina&#8220; sticky_enabled=&#8220;0&#8243;][\/dipi_carousel_child][dipi_carousel_child label=&#8220;Riflessi&#8220; img_src=&#8220;https:\/\/www.borghettigiampiero.it\/wp-content\/uploads\/2025\/09\/BG_RIFLESSI.webp&#8220; title_text=&#8220;Riflessi&#8220; desc_text=&#8220;<\/p>\n<p>IGT Rosso Verona<\/p>\n<p>&#8220; img_width=&#8220;125px&#8220; _builder_version=&#8220;4.27.4&#8243; _dynamic_attributes=&#8220;link_option_url&#8220; _module_preset=&#8220;default&#8220; title_font=&#8220;||||||||&#8220; title_font_size=&#8220;30px&#8220; background_color=&#8220;#111111&#8243; background_enable_color=&#8220;on&#8220; custom_padding=&#8220;40px||||false|false&#8220; link_option_url=&#8220;@ET-DC@eyJkeW5hbWljIjp0cnVlLCJjb250ZW50IjoicG9zdF9saW5rX3VybF9wYWdlIiwic2V0dGluZ3MiOnsicG9zdF9pZCI6IjU1NzgiLCJlbmFibGVfaHRtbCI6Im9mZiJ9fQ==@&#8220; hover_enabled=&#8220;0&#8243; border_color_all=&#8220;#111111&#8243; global_colors_info=&#8220;{}&#8220; transform_styles__hover_enabled=&#8220;on|hover&#8220; transform_scale__hover_enabled=&#8220;on|hover&#8220; transform_translate__hover_enabled=&#8220;on|desktop&#8220; transform_rotate__hover_enabled=&#8220;on|desktop&#8220; transform_skew__hover_enabled=&#8220;on|desktop&#8220; transform_origin__hover_enabled=&#8220;on|desktop&#8220; transform_scale__hover=&#8220;95%|95%&#8220; alt=&#8220;Riflessi&#8220; sticky_enabled=&#8220;0&#8243;][\/dipi_carousel_child][dipi_carousel_child label=&#8220;Dolcevita&#8220; img_src=&#8220;https:\/\/www.borghettigiampiero.it\/wp-content\/uploads\/2025\/09\/BG_DOLCEVITA.webp&#8220; title_text=&#8220;Dolce Vita&#8220; desc_text=&#8220;<\/p>\n<p>IGT Passito Dolce<\/p>\n<p>&#8220; img_width=&#8220;125px&#8220; _builder_version=&#8220;4.27.4&#8243; _dynamic_attributes=&#8220;link_option_url&#8220; _module_preset=&#8220;default&#8220; title_font=&#8220;BG Visca Borghetti||||||||&#8220; title_font_size=&#8220;30px&#8220; background_color=&#8220;#111111&#8243; background_enable_color=&#8220;on&#8220; custom_padding=&#8220;40px||||false|false&#8220; link_option_url=&#8220;@ET-DC@eyJkeW5hbWljIjp0cnVlLCJjb250ZW50IjoicG9zdF9saW5rX3VybF9wYWdlIiwic2V0dGluZ3MiOnsicG9zdF9pZCI6IjMwODEiLCJlbmFibGVfaHRtbCI6Im9mZiJ9fQ==@&#8220; hover_enabled=&#8220;0&#8243; border_color_all=&#8220;#111111&#8243; global_colors_info=&#8220;{}&#8220; transform_styles__hover_enabled=&#8220;on|hover&#8220; transform_scale__hover_enabled=&#8220;on|hover&#8220; transform_translate__hover_enabled=&#8220;on|desktop&#8220; transform_rotate__hover_enabled=&#8220;on|desktop&#8220; transform_skew__hover_enabled=&#8220;on|desktop&#8220; transform_origin__hover_enabled=&#8220;on|desktop&#8220; transform_scale__hover=&#8220;95%|95%&#8220; alt=&#8220;Dolcevita&#8220; img_alt=&#8220;Dolce Vita&#8220; sticky_enabled=&#8220;0&#8243;][\/dipi_carousel_child][\/dipi_carousel][\/et_pb_column][\/et_pb_row][\/et_pb_section]<\/p>\n","protected":false},"excerpt":{"rendered":"<p>Valpolicella Signature Collection- Die Sammlung von Borghetti GiampieroBorghetti Giampiero Valpolicella Signature KollektionLa collezione Signature\u00e8 composta da vini della Valpolicella prodotti esclusivamente da Giampiero Borghetti, con atenzione, passione e rispettando metodi imparati fin da bambino. Nella collezione troviamo 4 vini DOC e DOCG piu 3 vini IGT &#8211; espressione del produttore. I vini classici proposti sono: [&hellip;]<\/p>\n","protected":false},"author":1,"featured_media":10360,"parent":0,"menu_order":0,"comment_status":"closed","ping_status":"closed","template":"","meta":{"_et_pb_use_builder":"on","_et_pb_old_content":"","_et_gb_content_width":"","footnotes":""},"class_list":["post-4425","page","type-page","status-publish","has-post-thumbnail","hentry"],"_links":{"self":[{"href":"https:\/\/www.borghettigiampiero.it\/de\/wp-json\/wp\/v2\/pages\/4425","targetHints":{"allow":["GET"]}}],"collection":[{"href":"https:\/\/www.borghettigiampiero.it\/de\/wp-json\/wp\/v2\/pages"}],"about":[{"href":"https:\/\/www.borghettigiampiero.it\/de\/wp-json\/wp\/v2\/types\/page"}],"author":[{"embeddable":true,"href":"https:\/\/www.borghettigiampiero.it\/de\/wp-json\/wp\/v2\/users\/1"}],"replies":[{"embeddable":true,"href":"https:\/\/www.borghettigiampiero.it\/de\/wp-json\/wp\/v2\/comments?post=4425"}],"version-history":[{"count":0,"href":"https:\/\/www.borghettigiampiero.it\/de\/wp-json\/wp\/v2\/pages\/4425\/revisions"}],"wp:featuredmedia":[{"embeddable":true,"href":"https:\/\/www.borghettigiampiero.it\/de\/wp-json\/wp\/v2\/media\/10360"}],"wp:attachment":[{"href":"https:\/\/www.borghettigiampiero.it\/de\/wp-json\/wp\/v2\/media?parent=4425"}],"curies":[{"name":"wp","href":"https:\/\/api.w.org\/{rel}","templated":true}]}}