{"id":4793,"date":"2024-04-14T13:16:49","date_gmt":"2024-04-14T11:16:49","guid":{"rendered":"https:\/\/www.borghettigiampiero.it\/borghetti-giampiero-veneto-selected-collection\/"},"modified":"2025-09-25T02:40:25","modified_gmt":"2025-09-25T00:40:25","slug":"borghetti-giampiero-veneto-selected-collection","status":"publish","type":"page","link":"https:\/\/www.borghettigiampiero.it\/de\/borghetti-giampiero-veneto-selected-collection\/","title":{"rendered":"Borghetti Giampiero Veneto Selected Collection"},"content":{"rendered":"<p>[et_pb_section fb_built=&#8220;1&#8243; custom_padding_last_edited=&#8220;on|phone&#8220; _builder_version=&#8220;4.24.3&#8243; _module_preset=&#8220;default&#8220; background_color=&#8220;rgba(17,17,17,0.8)&#8220; background_image=&#8220;https:\/\/www.borghettigiampiero.it\/wp-content\/uploads\/2024\/03\/BG_Header-Signature_Collection.webp&#8220; background_blend=&#8220;overlay&#8220; min_height_last_edited=&#8220;off|desktop&#8220; custom_padding=&#8220;100px||30px||false|false&#8220; custom_padding_tablet=&#8220;250px||250px||true|false&#8220; custom_padding_phone=&#8220;100px||100px||true|false&#8220; background_last_edited=&#8220;on|tablet&#8220; background_position_tablet=&#8220;bottom_center&#8220; background_position_phone=&#8220;bottom_center&#8220; locked=&#8220;off&#8220; global_colors_info=&#8220;{}&#8220;][et_pb_row _builder_version=&#8220;4.16&#8243; _module_preset=&#8220;default&#8220; global_colors_info=&#8220;{}&#8220;][et_pb_column type=&#8220;4_4&#8243; _builder_version=&#8220;4.16&#8243; _module_preset=&#8220;default&#8220; global_colors_info=&#8220;{}&#8220;][et_pb_text _builder_version=&#8220;4.24.3&#8243; _module_preset=&#8220;default&#8220; header_font=&#8220;BG Brisely Corsivo|300|||||||&#8220; header_text_align=&#8220;center&#8220; header_text_color=&#8220;#D4AF37&#8243; header_font_size=&#8220;90px&#8220; header_line_height=&#8220;1.5em&#8220; header_2_font=&#8220;BG Brisely Corsivo||||||||&#8220; header_2_text_align=&#8220;center&#8220; header_2_font_size=&#8220;90px&#8220; header_2_line_height=&#8220;1.5em&#8220; custom_margin=&#8220;||10px||false|false&#8220; header_font_size_tablet=&#8220;60px&#8220; header_font_size_phone=&#8220;35px&#8220; header_font_size_last_edited=&#8220;on|phone&#8220; header_2_font_size_tablet=&#8220;60px&#8220; header_2_font_size_phone=&#8220;35px&#8220; header_2_font_size_last_edited=&#8220;on|desktop&#8220; locked=&#8220;off&#8220; global_colors_info=&#8220;{}&#8220;]<\/p>\n<h2><strong><em>Veneto<\/em><\/strong><\/h2>\n<h1><em>Selected Collection<\/em><\/h1>\n<p>[\/et_pb_text][et_pb_text _builder_version=&#8220;4.24.3&#8243; _module_preset=&#8220;default&#8220; text_font=&#8220;Poppins|||on|||||&#8220; text_letter_spacing=&#8220;5px&#8220; text_line_height=&#8220;1em&#8220; text_orientation=&#8220;center&#8220; background_layout=&#8220;dark&#8220; custom_margin=&#8220;||40px||false|false&#8220; custom_padding=&#8220;|||350px|false|false&#8220; custom_padding_tablet=&#8220;|||200px|false|false&#8220; custom_padding_phone=&#8220;|||0px|false|false&#8220; custom_padding_last_edited=&#8220;on|tablet&#8220; text_font_size_tablet=&#8220;&#8220; text_font_size_phone=&#8220;13px&#8220; text_font_size_last_edited=&#8220;on|phone&#8220; text_line_height_tablet=&#8220;1em&#8220; text_line_height_phone=&#8220;1.7em&#8220; text_line_height_last_edited=&#8220;on|phone&#8220; locked=&#8220;off&#8220; global_colors_info=&#8220;{}&#8220;]<\/p>\n<p>&#8211; Borghetti Giampiero<\/p>\n<p>[\/et_pb_text][\/et_pb_column][\/et_pb_row][\/et_pb_section][et_pb_section fb_built=&#8220;1&#8243; admin_label=&#8220;Collezione&#8220; module_id=&#8220;collezione&#8220; _builder_version=&#8220;4.24.2&#8243; _module_preset=&#8220;default&#8220; background_color=&#8220;#111111&#8243; custom_padding=&#8220;||0px|||&#8220; animation_direction=&#8220;bottom&#8220; global_colors_info=&#8220;{}&#8220;][et_pb_row column_structure=&#8220;1_4,3_4&#8243; use_custom_gutter=&#8220;on&#8220; gutter_width=&#8220;2&#8243; _builder_version=&#8220;4.24.2&#8243; _module_preset=&#8220;default&#8220; custom_padding=&#8220;||0px|||&#8220; global_colors_info=&#8220;{}&#8220;][et_pb_column type=&#8220;1_4&#8243; _builder_version=&#8220;4.16&#8243; _module_preset=&#8220;default&#8220; global_colors_info=&#8220;{}&#8220;][et_pb_text content_tablet=&#8220;<\/p>\n<h4>Borghetti Giampiero<\/h4>\n<h3>Valpolicella<br \/>Signature Collection<\/h3>\n<p>&#8220; content_phone=&#8220;<\/p>\n<h4>Borghetti Giampiero<\/h4>\n<h3>Valpolicella<br \/>Signature Collection<\/h3>\n<p>&#8220; content_last_edited=&#8220;on|tablet&#8220; _builder_version=&#8220;4.25.0&#8243; _module_preset=&#8220;default&#8220; header_font=&#8220;|300|||||||&#8220; header_2_font=&#8220;|900|||||||&#8220; header_2_text_color=&#8220;#FFFFFF&#8220; header_2_font_size=&#8220;80px&#8220; header_2_line_height=&#8220;1.2em&#8220; header_3_font=&#8220;BG Brisely Corsivo||||||||&#8220; header_3_font_size=&#8220;40px&#8220; header_3_line_height=&#8220;1.7em&#8220; header_4_font=&#8220;|300|||||||&#8220; header_4_font_size=&#8220;25px&#8220; header_2_font_size_tablet=&#8220;50px&#8220; header_2_font_size_phone=&#8220;35px&#8220; header_2_font_size_last_edited=&#8220;on|phone&#8220; header_3_font_tablet=&#8220;BG Brisely Corsivo|300|||||||&#8220; header_3_font_phone=&#8220;BG Brisely Corsivo|700|||||||&#8220; header_3_font_last_edited=&#8220;on|desktop&#8220; header_3_font_size_tablet=&#8220;40px&#8220; header_3_font_size_phone=&#8220;25px&#8220; header_3_font_size_last_edited=&#8220;on|tablet&#8220; global_colors_info=&#8220;{}&#8220;]<\/p>\n<h4>Borghetti Giampiero<\/h4>\n<h3><em>Veneto<\/em><br \/>\u00a0 Selected<br \/>\u00a0\u00a0 Collection<\/h3>\n<p>[\/et_pb_text][\/et_pb_column][et_pb_column type=&#8220;3_4&#8243; _builder_version=&#8220;4.16&#8243; _module_preset=&#8220;default&#8220; global_colors_info=&#8220;{}&#8220;][et_pb_text _builder_version=&#8220;4.27.4&#8243; _module_preset=&#8220;default&#8220; text_font=&#8220;|300|||||||&#8220; text_text_color=&#8220;#FFFFFF&#8220; text_font_size=&#8220;16px&#8220; link_text_color=&#8220;#D4AF37&#8243; global_colors_info=&#8220;{}&#8220; link_text_color__hover_enabled=&#8220;on|hover&#8220; link_text_color__hover=&#8220;#FFFFFF&#8220;]<\/p>\n<p>La collezione <strong><em>Veneto Selected<\/em> <\/strong>\u00e8 composta da vini di produzione venete selezionati con cura da Giampiero Borghetti.<\/p>\n<p><span style=\"text-decoration: underline;\">I vini proposti sono:<\/span><\/p>\n<ul>\n<li><strong>Lugana DOC<\/strong><\/li>\n<li><strong>Pinot Grigio delle Venezie DOC<\/strong><\/li>\n<li><strong>Prosecco Brut DOC<\/strong><\/li>\n<li><strong>Prosecco Ros\u00e8 Brut Millesimato DOC<\/strong><\/li>\n<li><strong>Dolce Far Niente &#8211; Moscato Spumante<\/strong><\/li>\n<\/ul>\n<p>[\/et_pb_text][\/et_pb_column][\/et_pb_row][\/et_pb_section][et_pb_section fb_built=&#8220;1&#8243; _builder_version=&#8220;4.24.2&#8243; _module_preset=&#8220;default&#8220; background_color=&#8220;#111111&#8243; custom_padding=&#8220;29px|||||&#8220; animation_style=&#8220;zoom&#8220; animation_duration=&#8220;1500ms&#8220; animation_delay=&#8220;300ms&#8220; animation_intensity_zoom=&#8220;20%&#8220; global_colors_info=&#8220;{}&#8220;][et_pb_row _builder_version=&#8220;4.25.0&#8243; _module_preset=&#8220;default&#8220; max_width=&#8220;1200px&#8220; global_colors_info=&#8220;{}&#8220;][et_pb_column type=&#8220;4_4&#8243; _builder_version=&#8220;4.24.2&#8243; _module_preset=&#8220;default&#8220; global_colors_info=&#8220;{}&#8220;][dipi_carousel columns=&#8220;5&#8243; container_padding=&#8220;0px|0px|0px|0px|true|true&#8220; autoplay_wide=&#8220;on&#8220; pause_on_hover_wide=&#8220;on&#8220; loop_mid=&#8220;on&#8220; autoplay_mid=&#8220;on&#8220; loop_small=&#8220;on&#8220; autoplay_small=&#8220;on&#8220; show_lightbox=&#8220;off&#8220; pagination=&#8220;on&#8220; pagination_color=&#8220;#848269&#8243; pagination_active_color=&#8220;#848269&#8243; columns_tablet=&#8220;3&#8243; columns_phone=&#8220;2&#8243; columns_last_edited=&#8220;on|phone&#8220; navigation_last_edited=&#8220;off|desktop&#8220; _builder_version=&#8220;4.27.4&#8243; _module_preset=&#8220;default&#8220; title_font=&#8220;||||||||&#8220; title_text_color=&#8220;#D4AF37&#8243; title_font_size=&#8220;25px&#8220; title_letter_spacing=&#8220;1px&#8220; desc_font=&#8220;Playfair Display||||||||&#8220; desc_text_color=&#8220;#D4AF37&#8243; desc_font_size=&#8220;18px&#8220; desc_line_height=&#8220;1.5em&#8220; background_color=&#8220;#111111&#8243; hover_enabled=&#8220;0&#8243; title_font_size_tablet=&#8220;20px&#8220; title_font_size_phone=&#8220;16px&#8220; title_font_size_last_edited=&#8220;on|phone&#8220; locked=&#8220;off&#8220; global_colors_info=&#8220;{}&#8220; sticky_enabled=&#8220;0&#8243;][dipi_carousel_child label=&#8220;Prosecco&#8220; img_src=&#8220;https:\/\/www.borghettigiampiero.it\/wp-content\/uploads\/2024\/08\/Borghetti-Prosecco_DOC.webp&#8220; img_alt=&#8220;Prosecco DOC Borghetti Giampiero &#8211; Prosecco DOC Brut&#8220; title_text=&#8220;PROSECCO&#8220; desc_text=&#8220;<\/p>\n<p>DOC Brut<\/p>\n<p>&#8220; img_width=&#8220;150px&#8220; _builder_version=&#8220;4.27.4&#8243; _dynamic_attributes=&#8220;link_option_url&#8220; _module_preset=&#8220;default&#8220; title_font=&#8220;||||||||&#8220; title_font_size=&#8220;30px&#8220; background_color=&#8220;#111111&#8243; background_enable_color=&#8220;on&#8220; custom_padding=&#8220;59px||||false|false&#8220; link_option_url=&#8220;@ET-DC@eyJkeW5hbWljIjp0cnVlLCJjb250ZW50IjoicG9zdF9saW5rX3VybF9wYWdlIiwic2V0dGluZ3MiOnsicG9zdF9pZCI6IjYzNDYifX0=@&#8220; hover_enabled=&#8220;0&#8243; border_color_all=&#8220;#111111&#8243; global_colors_info=&#8220;{}&#8220; transform_styles__hover_enabled=&#8220;on|hover&#8220; transform_scale__hover_enabled=&#8220;on|hover&#8220; transform_translate__hover_enabled=&#8220;on|desktop&#8220; transform_rotate__hover_enabled=&#8220;on|desktop&#8220; transform_skew__hover_enabled=&#8220;on|desktop&#8220; transform_origin__hover_enabled=&#8220;on|desktop&#8220; transform_scale__hover=&#8220;95%|95%&#8220; sticky_enabled=&#8220;0&#8243;][\/dipi_carousel_child][dipi_carousel_child label=&#8220;Prosecco Ros\u00e8&#8220; img_src=&#8220;https:\/\/www.borghettigiampiero.it\/wp-content\/uploads\/2025\/09\/BG_ROSE.webp&#8220; alt=&#8220;PROSECCO Ros\u00e8&#8220; img_alt=&#8220;Prosecco DOC Ros\u00e8 Borghetti Giampiero &#8211; Prosecco DOC Ros\u00e8 Brut Millesimato&#8220; title_text=&#8220;PROSECCO Ros\u00e8&#8220; desc_text=&#8220;<\/p>\n<p>DOC Ros\u00e8 Brut Millesimato<\/p>\n<p>&#8220; img_width=&#8220;125px&#8220; _builder_version=&#8220;4.27.4&#8243; _dynamic_attributes=&#8220;link_option_url&#8220; _module_preset=&#8220;default&#8220; title_font=&#8220;||||||||&#8220; title_font_size=&#8220;30px&#8220; background_color=&#8220;#111111&#8243; background_enable_color=&#8220;on&#8220; custom_padding=&#8220;40px||||false|false&#8220; link_option_url=&#8220;@ET-DC@eyJkeW5hbWljIjp0cnVlLCJjb250ZW50IjoicG9zdF9saW5rX3VybF9wYWdlIiwic2V0dGluZ3MiOnsicG9zdF9pZCI6IjYzMzUifX0=@&#8220; border_color_all=&#8220;#111111&#8243; global_colors_info=&#8220;{}&#8220; transform_styles__hover_enabled=&#8220;on|hover&#8220; transform_scale__hover_enabled=&#8220;on|hover&#8220; transform_translate__hover_enabled=&#8220;on|desktop&#8220; transform_rotate__hover_enabled=&#8220;on|desktop&#8220; transform_skew__hover_enabled=&#8220;on|desktop&#8220; transform_origin__hover_enabled=&#8220;on|desktop&#8220; transform_scale__hover=&#8220;95%|95%&#8220;][\/dipi_carousel_child][dipi_carousel_child label=&#8220;Moscato Spumante&#8220; img_src=&#8220;https:\/\/www.borghettigiampiero.it\/wp-content\/uploads\/2025\/09\/BG_dolcefarniente.webp&#8220; alt=&#8220;Dolce far niente&#8220; img_alt=&#8220;Prosecco DOC Ros\u00e8 Borghetti Giampiero &#8211; Prosecco DOC Ros\u00e8 Brut Millesimato&#8220; title_text=&#8220;DOLCE FAR NIENTE&#8220; desc_text=&#8220;<\/p>\n<p>Moscato Spumante<\/p>\n<p>&#8220; img_width=&#8220;125px&#8220; _builder_version=&#8220;4.27.4&#8243; _dynamic_attributes=&#8220;link_option_url&#8220; _module_preset=&#8220;default&#8220; title_font=&#8220;||||||||&#8220; title_font_size=&#8220;30px&#8220; background_color=&#8220;#111111&#8243; background_enable_color=&#8220;on&#8220; custom_padding=&#8220;40px||||false|false&#8220; link_option_url=&#8220;@ET-DC@eyJkeW5hbWljIjp0cnVlLCJjb250ZW50IjoicG9zdF9saW5rX3VybF9wYWdlIiwic2V0dGluZ3MiOnsicG9zdF9pZCI6IjYzNTEifX0=@&#8220; hover_enabled=&#8220;0&#8243; border_color_all=&#8220;#111111&#8243; global_colors_info=&#8220;{}&#8220; transform_styles__hover_enabled=&#8220;on|hover&#8220; transform_scale__hover_enabled=&#8220;on|hover&#8220; transform_translate__hover_enabled=&#8220;on|desktop&#8220; transform_rotate__hover_enabled=&#8220;on|desktop&#8220; transform_skew__hover_enabled=&#8220;on|desktop&#8220; transform_origin__hover_enabled=&#8220;on|desktop&#8220; transform_scale__hover=&#8220;95%|95%&#8220; sticky_enabled=&#8220;0&#8243;][\/dipi_carousel_child][dipi_carousel_child label=&#8220;Pinot&#8220; img_src=&#8220;https:\/\/www.borghettigiampiero.it\/wp-content\/uploads\/2025\/09\/BG_PINOT-GRIGIO.webp&#8220; alt=&#8220;PINOT GRIGIO&#8220; img_alt=&#8220;Prosecco DOC Ros\u00e8 Borghetti Giampiero &#8211; Prosecco DOC Ros\u00e8 Brut Millesimato&#8220; title_text=&#8220;PINOT GRIGIO&#8220; desc_text=&#8220;<\/p>\n<p>delle Venezie DOC<\/p>\n<p>&#8220; img_width=&#8220;125px&#8220; _builder_version=&#8220;4.27.4&#8243; _dynamic_attributes=&#8220;link_option_url&#8220; _module_preset=&#8220;default&#8220; title_font=&#8220;||||||||&#8220; title_font_size=&#8220;30px&#8220; background_color=&#8220;#111111&#8243; background_enable_color=&#8220;on&#8220; custom_padding=&#8220;40px||||false|false&#8220; link_option_url=&#8220;@ET-DC@eyJkeW5hbWljIjp0cnVlLCJjb250ZW50IjoicG9zdF9saW5rX3VybF9wYWdlIiwic2V0dGluZ3MiOnsicG9zdF9pZCI6IjU4MzkifX0=@&#8220; border_color_all=&#8220;#111111&#8243; global_colors_info=&#8220;{}&#8220; transform_styles__hover_enabled=&#8220;on|hover&#8220; transform_scale__hover_enabled=&#8220;on|hover&#8220; transform_translate__hover_enabled=&#8220;on|desktop&#8220; transform_rotate__hover_enabled=&#8220;on|desktop&#8220; transform_skew__hover_enabled=&#8220;on|desktop&#8220; transform_origin__hover_enabled=&#8220;on|desktop&#8220; transform_scale__hover=&#8220;95%|95%&#8220;][\/dipi_carousel_child][dipi_carousel_child label=&#8220;Lugana&#8220; img_src=&#8220;https:\/\/www.borghettigiampiero.it\/wp-content\/uploads\/2025\/09\/BG_LUGANA.webp&#8220; alt=&#8220;Lugana&#8220; img_alt=&#8220;Lugana Doc&#8220; title_text=&#8220;LUGANA&#8220; desc_text=&#8220;<\/p>\n<p>DOC<\/p>\n<p>&#8220; img_width=&#8220;125px&#8220; _builder_version=&#8220;4.27.4&#8243; _dynamic_attributes=&#8220;link_option_url&#8220; _module_preset=&#8220;default&#8220; title_font=&#8220;||||||||&#8220; title_font_size=&#8220;30px&#8220; background_color=&#8220;#111111&#8243; background_enable_color=&#8220;on&#8220; custom_padding=&#8220;40px||||false|false&#8220; link_option_url=&#8220;@ET-DC@eyJkeW5hbWljIjp0cnVlLCJjb250ZW50IjoicG9zdF9saW5rX3VybF9wYWdlIiwic2V0dGluZ3MiOnsicG9zdF9pZCI6IjEwNDc0In19@&#8220; border_color_all=&#8220;#111111&#8243; global_colors_info=&#8220;{}&#8220; transform_styles__hover_enabled=&#8220;on|hover&#8220; transform_scale__hover_enabled=&#8220;on|hover&#8220; transform_translate__hover_enabled=&#8220;on|desktop&#8220; transform_rotate__hover_enabled=&#8220;on|desktop&#8220; transform_skew__hover_enabled=&#8220;on|desktop&#8220; transform_origin__hover_enabled=&#8220;on|desktop&#8220; transform_scale__hover=&#8220;95%|95%&#8220;][\/dipi_carousel_child][\/dipi_carousel][\/et_pb_column][\/et_pb_row][\/et_pb_section]<\/p>\n","protected":false},"excerpt":{"rendered":"<p>Veneto Selected Collection- Borghetti GiampieroBorghetti Giampiero Veneto\u00a0 Selected\u00a0\u00a0 CollectionLa collezione Veneto Selected \u00e8 composta da vini di produzione venete selezionati con cura da Giampiero Borghetti. I vini proposti sono: Lugana DOC Pinot Grigio delle Venezie DOC Prosecco Brut DOC Prosecco Ros\u00e8 Brut Millesimato DOC Dolce Far Niente &#8211; Moscato Spumante <div class=\"et_pb_module dipi_carousel dipi_carousel_0\">\n\t\t\t\t\n\t\t\t\t\n\t\t\t\t\n\t\t\t\t\n\t\t\t\t\n\t\t\t\t\n\t\t\t\t<div class=\"et_pb_module_inner\">\n\t\t\t\t\t\n            <div class=\"dipi-carousel-main dipi_loading show_lightbox show_lightbox_tablet show_lightbox_phone\" data-columnsdesktop='&#8220;5&#8243;' data-columnstablet='&#8220;5&#8243;' data-columnsphone='&#8220;5&#8243;' data-spacebetween='30' data-spacebetween_tablet='30' data-spacebetween_phone='30' data-speed='500|500|500' data-navigation='off' data-navigation_t='off' data-navigation_m='off' data-pagination='off' data-pagination_t='off' data-pagination_m='off' data-autoplay_settigns='{\"loop_wide\":\"off\",\"autoplay_wide\":\"&#8220;on&#8220;\",\"continues_wide\":\"off\",\"autoplay_reverse_wide\":\"off\",\"pause_on_hover_wide\":\"&#8220;on&#8220;\",\"autoplay_speed_wide\":\"5000\",\"loop_mid\":\"off\",\"autoplay_mid\":\"off\",\"continues_mid\":\"off\",\"autoplay_reverse_mid\":\"off\",\"pause_on_hover_mid\":\"off\",\"autoplay_speed_mid\":\"5000\",\"loop_small\":\"off\",\"autoplay_small\":\"off\",\"continues_small\":\"off\",\"autoplay_reverse_small\":\"off\",\"pause_on_hover_small\":\"off\",\"autoplay_speed_small\":\"5000\"}' data-effect='slide' data-rotate='50' data-dynamicbullets='on' data-ordernumber='0' data-centered='off' data-allow_touch_move='on' data-allow_touch_move_t='on' data-allow_touch_move_p='on' data-shadow='on' data-continues='off' style=\"display:none;\">\n                <div class=\"swiper-container\">\n                    <div class=\"dipi-carousel-wrapper\">\n                        \n                    <\/div>\n                <\/div>\n                <div class=\"swiper-button-next swiper-arrow-button dipi-sbn0 \" data-icon=\"9\"><\/div>\n                <div class=\"swiper-button-prev swiper-arrow-button dipi-sbp0 \" data-icon=\"8\"><\/div>\n                \n                <div class=\"swiper-container-horizontal\">\n                    <div class=\"swiper-pagination dipi-sp0\"><\/div>\n                <\/div>\n            <\/div>\n\t\t\t\t<\/div>\n\t\t\t<\/div><\/p>\n","protected":false},"author":1,"featured_media":3763,"parent":0,"menu_order":0,"comment_status":"closed","ping_status":"closed","template":"","meta":{"_et_pb_use_builder":"on","_et_pb_old_content":"","_et_gb_content_width":"","footnotes":""},"class_list":["post-4793","page","type-page","status-publish","has-post-thumbnail","hentry"],"_links":{"self":[{"href":"https:\/\/www.borghettigiampiero.it\/de\/wp-json\/wp\/v2\/pages\/4793","targetHints":{"allow":["GET"]}}],"collection":[{"href":"https:\/\/www.borghettigiampiero.it\/de\/wp-json\/wp\/v2\/pages"}],"about":[{"href":"https:\/\/www.borghettigiampiero.it\/de\/wp-json\/wp\/v2\/types\/page"}],"author":[{"embeddable":true,"href":"https:\/\/www.borghettigiampiero.it\/de\/wp-json\/wp\/v2\/users\/1"}],"replies":[{"embeddable":true,"href":"https:\/\/www.borghettigiampiero.it\/de\/wp-json\/wp\/v2\/comments?post=4793"}],"version-history":[{"count":0,"href":"https:\/\/www.borghettigiampiero.it\/de\/wp-json\/wp\/v2\/pages\/4793\/revisions"}],"wp:featuredmedia":[{"embeddable":true,"href":"https:\/\/www.borghettigiampiero.it\/de\/wp-json\/wp\/v2\/media\/3763"}],"wp:attachment":[{"href":"https:\/\/www.borghettigiampiero.it\/de\/wp-json\/wp\/v2\/media?parent=4793"}],"curies":[{"name":"wp","href":"https:\/\/api.w.org\/{rel}","templated":true}]}}