{"id":4794,"date":"2024-04-14T13:16:49","date_gmt":"2024-04-14T11:16:49","guid":{"rendered":"https:\/\/www.borghettigiampiero.it\/borghetti-giampiero-veneto-selected-collection\/"},"modified":"2025-09-25T02:40:26","modified_gmt":"2025-09-25T00:40:26","slug":"borghetti-giampiero-veneto-selected-collection","status":"publish","type":"page","link":"https:\/\/www.borghettigiampiero.it\/ro\/borghetti-giampiero-veneto-selected-collection\/","title":{"rendered":"Borghetti Giampiero Veneto Selected Collection"},"content":{"rendered":"<p>[et_pb_section fb_built=&#8221;1&#8243; custom_padding_last_edited=&#8221;on|phone&#8221; _builder_version=&#8221;4.24.3&#8243; _module_preset=&#8221;default&#8221; background_color=&#8221;rgba(17,17,17,0.8)&#8221; background_image=&#8221;https:\/\/www.borghettigiampiero.it\/wp-content\/uploads\/2024\/03\/BG_Header-Signature_Collection.webp&#8221; background_blend=&#8221;overlay&#8221; min_height_last_edited=&#8221;off|desktop&#8221; custom_padding=&#8221;100px||30px||false|false&#8221; custom_padding_tablet=&#8221;250px||250px||true|false&#8221; custom_padding_phone=&#8221;100px||100px||true|false&#8221; background_last_edited=&#8221;on|tablet&#8221; background_position_tablet=&#8221;bottom_center&#8221; background_position_phone=&#8221;bottom_center&#8221; locked=&#8221;off&#8221; global_colors_info=&#8221;{}&#8221;][et_pb_row _builder_version=&#8221;4.16&#8243; _module_preset=&#8221;default&#8221; global_colors_info=&#8221;{}&#8221;][et_pb_column type=&#8221;4_4&#8243; _builder_version=&#8221;4.16&#8243; _module_preset=&#8221;default&#8221; global_colors_info=&#8221;{}&#8221;][et_pb_text _builder_version=&#8221;4.24.3&#8243; _module_preset=&#8221;default&#8221; header_font=&#8221;BG Brisely Corsivo|300|||||||&#8221; header_text_align=&#8221;center&#8221; header_text_color=&#8221;#D4AF37&#8243; header_font_size=&#8221;90px&#8221; header_line_height=&#8221;1.5em&#8221; header_2_font=&#8221;BG Brisely Corsivo||||||||&#8221; header_2_text_align=&#8221;center&#8221; header_2_font_size=&#8221;90px&#8221; header_2_line_height=&#8221;1.5em&#8221; custom_margin=&#8221;||10px||false|false&#8221; header_font_size_tablet=&#8221;60px&#8221; header_font_size_phone=&#8221;35px&#8221; header_font_size_last_edited=&#8221;on|phone&#8221; header_2_font_size_tablet=&#8221;60px&#8221; header_2_font_size_phone=&#8221;35px&#8221; header_2_font_size_last_edited=&#8221;on|desktop&#8221; locked=&#8221;off&#8221; global_colors_info=&#8221;{}&#8221;]<\/p>\n<h2><strong><em>Veneto<\/em><\/strong><\/h2>\n<h1><em>Selected Collection<\/em><\/h1>\n<p>[\/et_pb_text][et_pb_text _builder_version=&#8221;4.24.3&#8243; _module_preset=&#8221;default&#8221; text_font=&#8221;Poppins|||on|||||&#8221; text_letter_spacing=&#8221;5px&#8221; text_line_height=&#8221;1em&#8221; text_orientation=&#8221;center&#8221; background_layout=&#8221;dark&#8221; custom_margin=&#8221;||40px||false|false&#8221; custom_padding=&#8221;|||350px|false|false&#8221; custom_padding_tablet=&#8221;|||200px|false|false&#8221; custom_padding_phone=&#8221;|||0px|false|false&#8221; custom_padding_last_edited=&#8221;on|tablet&#8221; text_font_size_tablet=&#8221;&#8221; text_font_size_phone=&#8221;13px&#8221; text_font_size_last_edited=&#8221;on|phone&#8221; text_line_height_tablet=&#8221;1em&#8221; text_line_height_phone=&#8221;1.7em&#8221; text_line_height_last_edited=&#8221;on|phone&#8221; locked=&#8221;off&#8221; global_colors_info=&#8221;{}&#8221;]<\/p>\n<p>&#8211; Borghetti Giampiero<\/p>\n<p>[\/et_pb_text][\/et_pb_column][\/et_pb_row][\/et_pb_section][et_pb_section fb_built=&#8221;1&#8243; admin_label=&#8221;Collezione&#8221; module_id=&#8221;collezione&#8221; _builder_version=&#8221;4.24.2&#8243; _module_preset=&#8221;default&#8221; background_color=&#8221;#111111&#8243; custom_padding=&#8221;||0px|||&#8221; animation_direction=&#8221;bottom&#8221; global_colors_info=&#8221;{}&#8221;][et_pb_row column_structure=&#8221;1_4,3_4&#8243; use_custom_gutter=&#8221;on&#8221; gutter_width=&#8221;2&#8243; _builder_version=&#8221;4.24.2&#8243; _module_preset=&#8221;default&#8221; custom_padding=&#8221;||0px|||&#8221; global_colors_info=&#8221;{}&#8221;][et_pb_column type=&#8221;1_4&#8243; _builder_version=&#8221;4.16&#8243; _module_preset=&#8221;default&#8221; global_colors_info=&#8221;{}&#8221;][et_pb_text content_tablet=&#8221;<\/p>\n<h4>Borghetti Giampiero<\/h4>\n<h3>Valpolicella<br \/>Signature Collection<\/h3>\n<p>&#8221; content_phone=&#8221;<\/p>\n<h4>Borghetti Giampiero<\/h4>\n<h3>Valpolicella<br \/>Signature Collection<\/h3>\n<p>&#8221; content_last_edited=&#8221;on|tablet&#8221; _builder_version=&#8221;4.25.0&#8243; _module_preset=&#8221;default&#8221; header_font=&#8221;|300|||||||&#8221; header_2_font=&#8221;|900|||||||&#8221; header_2_text_color=&#8221;#FFFFFF&#8221; header_2_font_size=&#8221;80px&#8221; header_2_line_height=&#8221;1.2em&#8221; header_3_font=&#8221;BG Brisely Corsivo||||||||&#8221; header_3_font_size=&#8221;40px&#8221; header_3_line_height=&#8221;1.7em&#8221; header_4_font=&#8221;|300|||||||&#8221; header_4_font_size=&#8221;25px&#8221; header_2_font_size_tablet=&#8221;50px&#8221; header_2_font_size_phone=&#8221;35px&#8221; header_2_font_size_last_edited=&#8221;on|phone&#8221; header_3_font_tablet=&#8221;BG Brisely Corsivo|300|||||||&#8221; header_3_font_phone=&#8221;BG Brisely Corsivo|700|||||||&#8221; header_3_font_last_edited=&#8221;on|desktop&#8221; header_3_font_size_tablet=&#8221;40px&#8221; header_3_font_size_phone=&#8221;25px&#8221; header_3_font_size_last_edited=&#8221;on|tablet&#8221; global_colors_info=&#8221;{}&#8221;]<\/p>\n<h4>Borghetti Giampiero<\/h4>\n<h3><em>Veneto<\/em><br \/>\u00a0 Selected<br \/>\u00a0\u00a0 Collection<\/h3>\n<p>[\/et_pb_text][\/et_pb_column][et_pb_column type=&#8221;3_4&#8243; _builder_version=&#8221;4.16&#8243; _module_preset=&#8221;default&#8221; global_colors_info=&#8221;{}&#8221;][et_pb_text _builder_version=&#8221;4.27.4&#8243; _module_preset=&#8221;default&#8221; text_font=&#8221;|300|||||||&#8221; text_text_color=&#8221;#FFFFFF&#8221; text_font_size=&#8221;16px&#8221; link_text_color=&#8221;#D4AF37&#8243; global_colors_info=&#8221;{}&#8221; link_text_color__hover_enabled=&#8221;on|hover&#8221; link_text_color__hover=&#8221;#FFFFFF&#8221;]<\/p>\n<p>La collezione <strong><em>Veneto Selected<\/em> <\/strong>\u00e8 composta da vini di produzione venete selezionati con cura da Giampiero Borghetti.<\/p>\n<p><span style=\"text-decoration: underline;\">I vini proposti sono:<\/span><\/p>\n<ul>\n<li><strong>Lugana DOC<\/strong><\/li>\n<li><strong>Pinot Grigio delle Venezie DOC<\/strong><\/li>\n<li><strong>Prosecco Brut DOC<\/strong><\/li>\n<li><strong>Prosecco Ros\u00e8 Brut Millesimato DOC<\/strong><\/li>\n<li><strong>Dolce Far Niente &#8211; Moscato Spumante<\/strong><\/li>\n<\/ul>\n<p>[\/et_pb_text][\/et_pb_column][\/et_pb_row][\/et_pb_section][et_pb_section fb_built=&#8221;1&#8243; _builder_version=&#8221;4.24.2&#8243; _module_preset=&#8221;default&#8221; background_color=&#8221;#111111&#8243; custom_padding=&#8221;29px|||||&#8221; animation_style=&#8221;zoom&#8221; animation_duration=&#8221;1500ms&#8221; animation_delay=&#8221;300ms&#8221; animation_intensity_zoom=&#8221;20%&#8221; global_colors_info=&#8221;{}&#8221;][et_pb_row _builder_version=&#8221;4.25.0&#8243; _module_preset=&#8221;default&#8221; max_width=&#8221;1200px&#8221; global_colors_info=&#8221;{}&#8221;][et_pb_column type=&#8221;4_4&#8243; _builder_version=&#8221;4.24.2&#8243; _module_preset=&#8221;default&#8221; global_colors_info=&#8221;{}&#8221;][dipi_carousel columns=&#8221;5&#8243; container_padding=&#8221;0px|0px|0px|0px|true|true&#8221; autoplay_wide=&#8221;on&#8221; pause_on_hover_wide=&#8221;on&#8221; loop_mid=&#8221;on&#8221; autoplay_mid=&#8221;on&#8221; loop_small=&#8221;on&#8221; autoplay_small=&#8221;on&#8221; show_lightbox=&#8221;off&#8221; pagination=&#8221;on&#8221; pagination_color=&#8221;#848269&#8243; pagination_active_color=&#8221;#848269&#8243; columns_tablet=&#8221;3&#8243; columns_phone=&#8221;2&#8243; columns_last_edited=&#8221;on|phone&#8221; navigation_last_edited=&#8221;off|desktop&#8221; _builder_version=&#8221;4.27.4&#8243; _module_preset=&#8221;default&#8221; title_font=&#8221;||||||||&#8221; title_text_color=&#8221;#D4AF37&#8243; title_font_size=&#8221;25px&#8221; title_letter_spacing=&#8221;1px&#8221; desc_font=&#8221;Playfair Display||||||||&#8221; desc_text_color=&#8221;#D4AF37&#8243; desc_font_size=&#8221;18px&#8221; desc_line_height=&#8221;1.5em&#8221; background_color=&#8221;#111111&#8243; hover_enabled=&#8221;0&#8243; title_font_size_tablet=&#8221;20px&#8221; title_font_size_phone=&#8221;16px&#8221; title_font_size_last_edited=&#8221;on|phone&#8221; locked=&#8221;off&#8221; global_colors_info=&#8221;{}&#8221; sticky_enabled=&#8221;0&#8243;][dipi_carousel_child label=&#8221;Prosecco&#8221; img_src=&#8221;https:\/\/www.borghettigiampiero.it\/wp-content\/uploads\/2024\/08\/Borghetti-Prosecco_DOC.webp&#8221; img_alt=&#8221;Prosecco DOC Borghetti Giampiero &#8211; Prosecco DOC Brut&#8221; title_text=&#8221;PROSECCO&#8221; desc_text=&#8221;<\/p>\n<p>DOC Brut<\/p>\n<p>&#8221; img_width=&#8221;150px&#8221; _builder_version=&#8221;4.27.4&#8243; _dynamic_attributes=&#8221;link_option_url&#8221; _module_preset=&#8221;default&#8221; title_font=&#8221;||||||||&#8221; title_font_size=&#8221;30px&#8221; background_color=&#8221;#111111&#8243; background_enable_color=&#8221;on&#8221; custom_padding=&#8221;59px||||false|false&#8221; link_option_url=&#8221;@ET-DC@eyJkeW5hbWljIjp0cnVlLCJjb250ZW50IjoicG9zdF9saW5rX3VybF9wYWdlIiwic2V0dGluZ3MiOnsicG9zdF9pZCI6IjYzNDYifX0=@&#8221; hover_enabled=&#8221;0&#8243; border_color_all=&#8221;#111111&#8243; global_colors_info=&#8221;{}&#8221; transform_styles__hover_enabled=&#8221;on|hover&#8221; transform_scale__hover_enabled=&#8221;on|hover&#8221; transform_translate__hover_enabled=&#8221;on|desktop&#8221; transform_rotate__hover_enabled=&#8221;on|desktop&#8221; transform_skew__hover_enabled=&#8221;on|desktop&#8221; transform_origin__hover_enabled=&#8221;on|desktop&#8221; transform_scale__hover=&#8221;95%|95%&#8221; sticky_enabled=&#8221;0&#8243;][\/dipi_carousel_child][dipi_carousel_child label=&#8221;Prosecco Ros\u00e8&#8221; img_src=&#8221;https:\/\/www.borghettigiampiero.it\/wp-content\/uploads\/2025\/09\/BG_ROSE.webp&#8221; alt=&#8221;PROSECCO Ros\u00e8&#8221; img_alt=&#8221;Prosecco DOC Ros\u00e8 Borghetti Giampiero &#8211; Prosecco DOC Ros\u00e8 Brut Millesimato&#8221; title_text=&#8221;PROSECCO Ros\u00e8&#8221; desc_text=&#8221;<\/p>\n<p>DOC Ros\u00e8 Brut Millesimato<\/p>\n<p>&#8221; img_width=&#8221;125px&#8221; _builder_version=&#8221;4.27.4&#8243; _dynamic_attributes=&#8221;link_option_url&#8221; _module_preset=&#8221;default&#8221; title_font=&#8221;||||||||&#8221; title_font_size=&#8221;30px&#8221; background_color=&#8221;#111111&#8243; background_enable_color=&#8221;on&#8221; custom_padding=&#8221;40px||||false|false&#8221; link_option_url=&#8221;@ET-DC@eyJkeW5hbWljIjp0cnVlLCJjb250ZW50IjoicG9zdF9saW5rX3VybF9wYWdlIiwic2V0dGluZ3MiOnsicG9zdF9pZCI6IjYzMzUifX0=@&#8221; border_color_all=&#8221;#111111&#8243; global_colors_info=&#8221;{}&#8221; transform_styles__hover_enabled=&#8221;on|hover&#8221; transform_scale__hover_enabled=&#8221;on|hover&#8221; transform_translate__hover_enabled=&#8221;on|desktop&#8221; transform_rotate__hover_enabled=&#8221;on|desktop&#8221; transform_skew__hover_enabled=&#8221;on|desktop&#8221; transform_origin__hover_enabled=&#8221;on|desktop&#8221; transform_scale__hover=&#8221;95%|95%&#8221;][\/dipi_carousel_child][dipi_carousel_child label=&#8221;Moscato Spumante&#8221; img_src=&#8221;https:\/\/www.borghettigiampiero.it\/wp-content\/uploads\/2025\/09\/BG_dolcefarniente.webp&#8221; alt=&#8221;Dolce far niente&#8221; img_alt=&#8221;Prosecco DOC Ros\u00e8 Borghetti Giampiero &#8211; Prosecco DOC Ros\u00e8 Brut Millesimato&#8221; title_text=&#8221;DOLCE FAR NIENTE&#8221; desc_text=&#8221;<\/p>\n<p>Moscato Spumante<\/p>\n<p>&#8221; img_width=&#8221;125px&#8221; _builder_version=&#8221;4.27.4&#8243; _dynamic_attributes=&#8221;link_option_url&#8221; _module_preset=&#8221;default&#8221; title_font=&#8221;||||||||&#8221; title_font_size=&#8221;30px&#8221; background_color=&#8221;#111111&#8243; background_enable_color=&#8221;on&#8221; custom_padding=&#8221;40px||||false|false&#8221; link_option_url=&#8221;@ET-DC@eyJkeW5hbWljIjp0cnVlLCJjb250ZW50IjoicG9zdF9saW5rX3VybF9wYWdlIiwic2V0dGluZ3MiOnsicG9zdF9pZCI6IjYzNTEifX0=@&#8221; hover_enabled=&#8221;0&#8243; border_color_all=&#8221;#111111&#8243; global_colors_info=&#8221;{}&#8221; transform_styles__hover_enabled=&#8221;on|hover&#8221; transform_scale__hover_enabled=&#8221;on|hover&#8221; transform_translate__hover_enabled=&#8221;on|desktop&#8221; transform_rotate__hover_enabled=&#8221;on|desktop&#8221; transform_skew__hover_enabled=&#8221;on|desktop&#8221; transform_origin__hover_enabled=&#8221;on|desktop&#8221; transform_scale__hover=&#8221;95%|95%&#8221; sticky_enabled=&#8221;0&#8243;][\/dipi_carousel_child][dipi_carousel_child label=&#8221;Pinot&#8221; img_src=&#8221;https:\/\/www.borghettigiampiero.it\/wp-content\/uploads\/2025\/09\/BG_PINOT-GRIGIO.webp&#8221; alt=&#8221;PINOT GRIGIO&#8221; img_alt=&#8221;Prosecco DOC Ros\u00e8 Borghetti Giampiero &#8211; Prosecco DOC Ros\u00e8 Brut Millesimato&#8221; title_text=&#8221;PINOT GRIGIO&#8221; desc_text=&#8221;<\/p>\n<p>delle Venezie DOC<\/p>\n<p>&#8221; img_width=&#8221;125px&#8221; _builder_version=&#8221;4.27.4&#8243; _dynamic_attributes=&#8221;link_option_url&#8221; _module_preset=&#8221;default&#8221; title_font=&#8221;||||||||&#8221; title_font_size=&#8221;30px&#8221; background_color=&#8221;#111111&#8243; background_enable_color=&#8221;on&#8221; custom_padding=&#8221;40px||||false|false&#8221; link_option_url=&#8221;@ET-DC@eyJkeW5hbWljIjp0cnVlLCJjb250ZW50IjoicG9zdF9saW5rX3VybF9wYWdlIiwic2V0dGluZ3MiOnsicG9zdF9pZCI6IjU4MzkifX0=@&#8221; border_color_all=&#8221;#111111&#8243; global_colors_info=&#8221;{}&#8221; transform_styles__hover_enabled=&#8221;on|hover&#8221; transform_scale__hover_enabled=&#8221;on|hover&#8221; transform_translate__hover_enabled=&#8221;on|desktop&#8221; transform_rotate__hover_enabled=&#8221;on|desktop&#8221; transform_skew__hover_enabled=&#8221;on|desktop&#8221; transform_origin__hover_enabled=&#8221;on|desktop&#8221; transform_scale__hover=&#8221;95%|95%&#8221;][\/dipi_carousel_child][dipi_carousel_child label=&#8221;Lugana&#8221; img_src=&#8221;https:\/\/www.borghettigiampiero.it\/wp-content\/uploads\/2025\/09\/BG_LUGANA.webp&#8221; alt=&#8221;Lugana&#8221; img_alt=&#8221;Lugana Doc&#8221; title_text=&#8221;LUGANA&#8221; desc_text=&#8221;<\/p>\n<p>DOC<\/p>\n<p>&#8221; img_width=&#8221;125px&#8221; _builder_version=&#8221;4.27.4&#8243; _dynamic_attributes=&#8221;link_option_url&#8221; _module_preset=&#8221;default&#8221; title_font=&#8221;||||||||&#8221; title_font_size=&#8221;30px&#8221; background_color=&#8221;#111111&#8243; background_enable_color=&#8221;on&#8221; custom_padding=&#8221;40px||||false|false&#8221; link_option_url=&#8221;@ET-DC@eyJkeW5hbWljIjp0cnVlLCJjb250ZW50IjoicG9zdF9saW5rX3VybF9wYWdlIiwic2V0dGluZ3MiOnsicG9zdF9pZCI6IjEwNDc0In19@&#8221; border_color_all=&#8221;#111111&#8243; global_colors_info=&#8221;{}&#8221; transform_styles__hover_enabled=&#8221;on|hover&#8221; transform_scale__hover_enabled=&#8221;on|hover&#8221; transform_translate__hover_enabled=&#8221;on|desktop&#8221; transform_rotate__hover_enabled=&#8221;on|desktop&#8221; transform_skew__hover_enabled=&#8221;on|desktop&#8221; transform_origin__hover_enabled=&#8221;on|desktop&#8221; transform_scale__hover=&#8221;95%|95%&#8221;][\/dipi_carousel_child][\/dipi_carousel][\/et_pb_column][\/et_pb_row][\/et_pb_section]<\/p>\n","protected":false},"excerpt":{"rendered":"<p>Veneto Selected Collection- Borghetti GiampieroBorghetti Giampiero Veneto\u00a0 Selected\u00a0\u00a0 CollectionLa collezione Veneto Selected \u00e8 composta da vini di produzione venete selezionati con cura da Giampiero Borghetti. I vini proposti sono: Lugana DOC Pinot Grigio delle Venezie DOC Prosecco Brut DOC Prosecco Ros\u00e8 Brut Millesimato DOC Dolce Far Niente &#8211; Moscato Spumante <div class=\"et_pb_module dipi_carousel dipi_carousel_0\">\n\t\t\t\t\n\t\t\t\t\n\t\t\t\t\n\t\t\t\t\n\t\t\t\t\n\t\t\t\t\n\t\t\t\t<div class=\"et_pb_module_inner\">\n\t\t\t\t\t\n            <div class=\"dipi-carousel-main dipi_loading show_lightbox show_lightbox_tablet show_lightbox_phone\" data-columnsdesktop='&#8221;5&#8243;' data-columnstablet='&#8221;5&#8243;' data-columnsphone='&#8221;5&#8243;' data-spacebetween='30' data-spacebetween_tablet='30' data-spacebetween_phone='30' data-speed='500|500|500' data-navigation='off' data-navigation_t='off' data-navigation_m='off' data-pagination='off' data-pagination_t='off' data-pagination_m='off' data-autoplay_settigns='{\"loop_wide\":\"off\",\"autoplay_wide\":\"&#8221;on&#8221;\",\"continues_wide\":\"off\",\"autoplay_reverse_wide\":\"off\",\"pause_on_hover_wide\":\"&#8221;on&#8221;\",\"autoplay_speed_wide\":\"5000\",\"loop_mid\":\"off\",\"autoplay_mid\":\"off\",\"continues_mid\":\"off\",\"autoplay_reverse_mid\":\"off\",\"pause_on_hover_mid\":\"off\",\"autoplay_speed_mid\":\"5000\",\"loop_small\":\"off\",\"autoplay_small\":\"off\",\"continues_small\":\"off\",\"autoplay_reverse_small\":\"off\",\"pause_on_hover_small\":\"off\",\"autoplay_speed_small\":\"5000\"}' data-effect='slide' data-rotate='50' data-dynamicbullets='on' data-ordernumber='0' data-centered='off' data-allow_touch_move='on' data-allow_touch_move_t='on' data-allow_touch_move_p='on' data-shadow='on' data-continues='off' style=\"display:none;\">\n                <div class=\"swiper-container\">\n                    <div class=\"dipi-carousel-wrapper\">\n                        \n                    <\/div>\n                <\/div>\n                <div class=\"swiper-button-next swiper-arrow-button dipi-sbn0 \" data-icon=\"9\"><\/div>\n                <div class=\"swiper-button-prev swiper-arrow-button dipi-sbp0 \" data-icon=\"8\"><\/div>\n                \n                <div class=\"swiper-container-horizontal\">\n                    <div class=\"swiper-pagination dipi-sp0\"><\/div>\n                <\/div>\n            <\/div>\n\t\t\t\t<\/div>\n\t\t\t<\/div><\/p>\n","protected":false},"author":1,"featured_media":3764,"parent":0,"menu_order":0,"comment_status":"closed","ping_status":"closed","template":"","meta":{"_et_pb_use_builder":"on","_et_pb_old_content":"","_et_gb_content_width":"","footnotes":""},"class_list":["post-4794","page","type-page","status-publish","has-post-thumbnail","hentry"],"_links":{"self":[{"href":"https:\/\/www.borghettigiampiero.it\/ro\/wp-json\/wp\/v2\/pages\/4794","targetHints":{"allow":["GET"]}}],"collection":[{"href":"https:\/\/www.borghettigiampiero.it\/ro\/wp-json\/wp\/v2\/pages"}],"about":[{"href":"https:\/\/www.borghettigiampiero.it\/ro\/wp-json\/wp\/v2\/types\/page"}],"author":[{"embeddable":true,"href":"https:\/\/www.borghettigiampiero.it\/ro\/wp-json\/wp\/v2\/users\/1"}],"replies":[{"embeddable":true,"href":"https:\/\/www.borghettigiampiero.it\/ro\/wp-json\/wp\/v2\/comments?post=4794"}],"version-history":[{"count":0,"href":"https:\/\/www.borghettigiampiero.it\/ro\/wp-json\/wp\/v2\/pages\/4794\/revisions"}],"wp:featuredmedia":[{"embeddable":true,"href":"https:\/\/www.borghettigiampiero.it\/ro\/wp-json\/wp\/v2\/media\/3764"}],"wp:attachment":[{"href":"https:\/\/www.borghettigiampiero.it\/ro\/wp-json\/wp\/v2\/media?parent=4794"}],"curies":[{"name":"wp","href":"https:\/\/api.w.org\/{rel}","templated":true}]}}