{"id":6362,"date":"2024-08-05T01:10:38","date_gmt":"2024-08-04T23:10:38","guid":{"rendered":"https:\/\/www.borghettigiampiero.it\/borghetti-giampiero-veneto-selected-collection\/dolce-far-niente-moscato-spumante\/"},"modified":"2025-09-25T02:44:09","modified_gmt":"2025-09-25T00:44:09","slug":"dolce-far-niente-moscato-spumante","status":"publish","type":"page","link":"https:\/\/www.borghettigiampiero.it\/ro\/borghetti-giampiero-veneto-selected-collection\/dolce-far-niente-moscato-spumante\/","title":{"rendered":"Dolce Far Niente &#8211; Moscato Spumante"},"content":{"rendered":"<p>[et_pb_section fb_built=&#8221;1&#8243; custom_padding_last_edited=&#8221;on|phone&#8221; _builder_version=&#8221;4.27.0&#8243; _module_preset=&#8221;default&#8221; background_color=&#8221;rgba(2,2,2,0.95)&#8221; background_image=&#8221;https:\/\/www.borghettigiampiero.it\/wp-content\/uploads\/2024\/03\/Cantina_1.webp&#8221; background_blend=&#8221;overlay&#8221; min_height_last_edited=&#8221;off|phone&#8221; custom_padding=&#8221;150px||150px||false|false&#8221; custom_padding_tablet=&#8221;150px||150px||false|false&#8221; custom_padding_phone=&#8221;50px||50px||false|false&#8221; locked=&#8221;off&#8221; global_colors_info=&#8221;{}&#8221;][et_pb_row _builder_version=&#8221;4.19.3&#8243; _module_preset=&#8221;default&#8221; global_colors_info=&#8221;{}&#8221;][et_pb_column type=&#8221;4_4&#8243; _builder_version=&#8221;4.19.3&#8243; _module_preset=&#8221;default&#8221; global_colors_info=&#8221;{}&#8221;][et_pb_text _builder_version=&#8221;4.25.0&#8243; _module_preset=&#8221;default&#8221; text_font=&#8221;Bebas Neue||||||||&#8221; text_text_color=&#8221;#FFFFFF&#8221; text_font_size=&#8221;25px&#8221; text_letter_spacing=&#8221;10px&#8221; header_2_font=&#8221;BG Brisely Corsivo|300|||||||&#8221; header_2_font_size=&#8221;25px&#8221; header_2_letter_spacing=&#8221;1px&#8221; text_orientation=&#8221;center&#8221; custom_margin=&#8221;||20px||false|false&#8221; text_font_size_tablet=&#8221;25px&#8221; text_font_size_phone=&#8221;20px&#8221; text_font_size_last_edited=&#8221;on|phone&#8221; text_letter_spacing_tablet=&#8221;10px&#8221; text_letter_spacing_phone=&#8221;4px&#8221; text_letter_spacing_last_edited=&#8221;on|phone&#8221; header_2_font_size_tablet=&#8221;&#8221; header_2_font_size_phone=&#8221;14px&#8221; header_2_font_size_last_edited=&#8221;on|phone&#8221; locked=&#8221;off&#8221; global_colors_info=&#8221;{}&#8221;]<\/p>\n<h2>Veneto Selected Collection<\/h2>\n<p>[\/et_pb_text][et_pb_text _builder_version=&#8221;4.27.0&#8243; _module_preset=&#8221;default&#8221; header_font=&#8221;|300||on|||||&#8221; header_text_align=&#8221;center&#8221; header_text_color=&#8221;#D4AF37&#8243; header_font_size=&#8221;130px&#8221; header_2_font=&#8221;||||||||&#8221; header_2_text_align=&#8221;center&#8221; header_2_font_size=&#8221;40px&#8221; header_font_size_tablet=&#8221;100px&#8221; header_font_size_phone=&#8221;40px&#8221; header_font_size_last_edited=&#8221;on|phone&#8221; header_line_height_tablet=&#8221;&#8221; header_line_height_phone=&#8221;1.1em&#8221; header_line_height_last_edited=&#8221;on|phone&#8221; header_2_font_size_tablet=&#8221;40px&#8221; header_2_font_size_phone=&#8221;25px&#8221; header_2_font_size_last_edited=&#8221;on|phone&#8221; locked=&#8221;off&#8221; global_colors_info=&#8221;{}&#8221;]<\/p>\n<h1>Dolce Far Niente<\/h1>\n<p>[\/et_pb_text][\/et_pb_column][\/et_pb_row][\/et_pb_section][et_pb_section fb_built=&#8221;1&#8243; _builder_version=&#8221;4.25.0&#8243; _module_preset=&#8221;default&#8221; background_color=&#8221;#111111&#8243; background_enable_image=&#8221;off&#8221; custom_padding=&#8221;5px||0px||false|false&#8221; global_colors_info=&#8221;{}&#8221;][et_pb_row _builder_version=&#8221;4.25.0&#8243; _module_preset=&#8221;default&#8221; custom_padding=&#8221;0px||0px||false|false&#8221; locked=&#8221;off&#8221; global_colors_info=&#8221;{}&#8221;][et_pb_column type=&#8221;4_4&#8243; _builder_version=&#8221;4.25.0&#8243; _module_preset=&#8221;default&#8221; global_colors_info=&#8221;{}&#8221;][dipi_breadcrumbs hide_home=&#8221;on&#8221; bc_schema=&#8221;off&#8221; _builder_version=&#8221;4.27.0&#8243; _module_preset=&#8221;default&#8221; items_font=&#8221;|300|||||||&#8221; custom_padding=&#8221;0px||0px||false|false&#8221; items_font_size_tablet=&#8221;&#8221; items_font_size_phone=&#8221;10px&#8221; items_font_size_last_edited=&#8221;on|phone&#8221; global_colors_info=&#8221;{}&#8221;][\/dipi_breadcrumbs][\/et_pb_column][\/et_pb_row][et_pb_row column_structure=&#8221;1_2,1_2&#8243; use_custom_gutter=&#8221;on&#8221; gutter_width=&#8221;1&#8243; make_equal=&#8221;on&#8221; _builder_version=&#8221;4.27.0&#8243; _module_preset=&#8221;default&#8221; custom_padding=&#8221;||0px|||&#8221; global_colors_info=&#8221;{}&#8221;][et_pb_column type=&#8221;1_2&#8243; _builder_version=&#8221;4.24.2&#8243; _module_preset=&#8221;default&#8221; custom_css_main_element=&#8221;display: flex;||flex-direction: column;||justify-content: center;&#8221; global_colors_info=&#8221;{}&#8221;][dipi_parallax_images admin_label=&#8221;Moscato&#8221; _builder_version=&#8221;4.27.4&#8243; _module_preset=&#8221;default&#8221; height=&#8221;700px&#8221; height_tablet=&#8221;800px&#8221; height_phone=&#8221;650px&#8221; height_last_edited=&#8221;on|phone&#8221; global_colors_info=&#8221;{}&#8221;][dipi_parallax_images_item admin_label=&#8221;Moscato&#8221; image=&#8221;https:\/\/www.borghettigiampiero.it\/wp-content\/uploads\/2025\/09\/BG_dolcefarniente.webp&#8221; alt=&#8221;Dolce far niente&#8221; depth_x=&#8221;0&#8243; depth_y=&#8221;0&#8243; position_x=&#8221;30%&#8221; layer_max_width=&#8221;250px&#8221; position_x_tablet=&#8221;30%&#8221; position_x_phone=&#8221;30%&#8221; position_x_last_edited=&#8221;on|phone&#8221; position_y_tablet=&#8221;-25%&#8221; position_y_phone=&#8221;0%&#8221; position_y_last_edited=&#8221;off|desktop&#8221; layer_max_width_tablet=&#8221;210px&#8221; layer_max_width_phone=&#8221;150px&#8221; layer_max_width_last_edited=&#8221;on|phone&#8221; _builder_version=&#8221;4.27.4&#8243; _module_preset=&#8221;default&#8221; z_index=&#8221;2&#8243; max_width_last_edited=&#8221;off|phone&#8221; global_colors_info=&#8221;{}&#8221;][\/dipi_parallax_images_item][dipi_parallax_images_item image=&#8221;https:\/\/www.borghettigiampiero.it\/wp-content\/uploads\/2024\/03\/img-03235.png&#8221; depth_x=&#8221;0.2&#8243; depth_y=&#8221;0.2&#8243; position_x=&#8221;8%&#8221; position_y=&#8221;60%&#8221; layer_max_width=&#8221;300px&#8221; _builder_version=&#8221;4.27.0&#8243; _module_preset=&#8221;default&#8221; transform_rotate=&#8221;0deg|0deg|250deg&#8221; filter_sepia=&#8221;50%&#8221; global_colors_info=&#8221;{}&#8221;][\/dipi_parallax_images_item][dipi_parallax_images_item image=&#8221;https:\/\/www.borghettigiampiero.it\/wp-content\/uploads\/2024\/03\/img-03235.png&#8221; depth_x=&#8221;-0.2&#8243; depth_y=&#8221;-0.2&#8243; position_x=&#8221;50%&#8221; position_y=&#8221;60%&#8221; layer_max_width=&#8221;300px&#8221; _builder_version=&#8221;4.24.2&#8243; _module_preset=&#8221;default&#8221; filter_sepia=&#8221;50%&#8221; global_colors_info=&#8221;{}&#8221;][\/dipi_parallax_images_item][dipi_parallax_images_item image=&#8221;https:\/\/www.borghettigiampiero.it\/wp-content\/uploads\/2024\/03\/img-03235.png&#8221; depth_x=&#8221;-0.2&#8243; position_x=&#8221;58.9%&#8221; position_y=&#8221;25%&#8221; layer_max_width=&#8221;100px&#8221; _builder_version=&#8221;4.24.2&#8243; _module_preset=&#8221;default&#8221; filter_sepia=&#8221;50%&#8221; filter_blur=&#8221;4px&#8221; global_colors_info=&#8221;{}&#8221;][\/dipi_parallax_images_item][dipi_parallax_images_item image=&#8221;https:\/\/www.borghettigiampiero.it\/wp-content\/uploads\/2024\/03\/img-03235.png&#8221; depth_y=&#8221;-0.2&#8243; position_x=&#8221;11.1%&#8221; position_y=&#8221;15%&#8221; layer_max_width=&#8221;50px&#8221; _builder_version=&#8221;4.24.2&#8243; _module_preset=&#8221;default&#8221; transform_rotate=&#8221;0deg|0deg|250deg&#8221; filter_sepia=&#8221;50%&#8221; global_colors_info=&#8221;{}&#8221;][\/dipi_parallax_images_item][\/dipi_parallax_images][\/et_pb_column][et_pb_column type=&#8221;1_2&#8243; _builder_version=&#8221;4.20.2&#8243; _module_preset=&#8221;default&#8221; global_colors_info=&#8221;{}&#8221;][et_pb_text _builder_version=&#8221;4.27.0&#8243; _module_preset=&#8221;default&#8221; text_font=&#8221;Bebas Neue||||||||&#8221; text_text_color=&#8221;#848269&#8243; text_font_size=&#8221;18px&#8221; text_letter_spacing=&#8221;3px&#8221; header_2_font=&#8221;|300|||||||&#8221; header_2_text_color=&#8221;#D4AF37&#8243; header_2_font_size=&#8221;40px&#8221; header_2_line_height=&#8221;1.3em&#8221; custom_margin=&#8221;||20px||false|false&#8221; header_2_font_size_tablet=&#8221;40px&#8221; header_2_font_size_phone=&#8221;30px&#8221; header_2_font_size_last_edited=&#8221;on|desktop&#8221; header_2_line_height_last_edited=&#8221;off|phone&#8221; locked=&#8221;off&#8221; global_colors_info=&#8221;{}&#8221;]<\/p>\n<h2>DOLCE FAR NIENTE<br \/>Moscato Spumante<\/h2>\n<p>[\/et_pb_text][dipi_price_list image_flex_align_items=&#8221;center&#8221; header_flex_align_items=&#8221;flex-start&#8221; show_lightbox=&#8221;off&#8221; image_width=&#8221;50px&#8221; separator_style=&#8221;none&#8221; _builder_version=&#8221;4.27.4&#8243; _module_preset=&#8221;default&#8221; title_font=&#8221;|300|||||||&#8221; title_letter_spacing=&#8221;1px&#8221; description_font=&#8221;|300|||||||&#8221; description_text_color=&#8221;#FFFFFF&#8221; locked=&#8221;off&#8221; global_colors_info=&#8221;{}&#8221;][dipi_price_list_item title=&#8221;Regione&#8221; price=&#8221; &#8221; image=&#8221;https:\/\/www.borghettigiampiero.it\/wp-content\/uploads\/2024\/03\/Regione.png&#8221; _builder_version=&#8221;4.27.0&#8243; _module_preset=&#8221;default&#8221; title_font=&#8221;|300|||||||&#8221; title_letter_spacing=&#8221;1px&#8221; global_colors_info=&#8221;{}&#8221;]<\/p>\n<p>Veneto &#8211; Colli Euganei.<\/p>\n<p>[\/dipi_price_list_item][dipi_price_list_item title=&#8221;Uve&#8221; price=&#8221; &#8221; image=&#8221;https:\/\/www.borghettigiampiero.it\/wp-content\/uploads\/2024\/03\/Uve.png&#8221; _builder_version=&#8221;4.27.0&#8243; _module_preset=&#8221;default&#8221; global_colors_info=&#8221;{}&#8221;]<\/p>\n<p>100% Moscato bianco.<\/p>\n<p>[\/dipi_price_list_item][dipi_price_list_item title=&#8221;Vinificazione&#8221; price=&#8221; &#8221; image=&#8221;https:\/\/www.borghettigiampiero.it\/wp-content\/uploads\/2024\/03\/Vinificazione.png&#8221; _builder_version=&#8221;4.27.0&#8243; _module_preset=&#8221;default&#8221; global_colors_info=&#8221;{}&#8221;]<\/p>\n<p>Le uve selezionate raccolte a mano vengono raffreddate a 0,5\u00b0C e poi pressate per esaltare al massimo gli aromi fruttati. Il mosto ottenuto va conservato in serbatoi climatizzati fino al momento della presa di spuma in autoclave.<\/p>\n<p>[\/dipi_price_list_item][dipi_price_list_item title=&#8221;Note Gustative&#8221; price=&#8221; &#8221; image=&#8221;https:\/\/www.borghettigiampiero.it\/wp-content\/uploads\/2024\/03\/Note_Gustative.png&#8221; _builder_version=&#8221;4.27.0&#8243; _module_preset=&#8221;default&#8221; global_colors_info=&#8221;{}&#8221;]<\/p>\n<p>Di colore giallo paglierino con brillanti riflessi verdognoli Al naso \u00e8 delicato, ricco suadente con sentori di fiori d\u2019acacia Al palato risulta dolce, fruttato ed equilibrato, di straordinario spessore ed allo stesso tempo fresco e piacevole con finale persistente.<\/p>\n<h2>Analisi<\/h2>\n<p>Alcol 6% Vol; Acidit\u00e0 totale 6,2 g\/l; Residuo zuccherino 110 g\/l.<\/p>\n<p>[\/dipi_price_list_item][dipi_price_list_item title=&#8221;Gastronomie&#8221; price=&#8221; &#8221; image=&#8221;https:\/\/www.borghettigiampiero.it\/wp-content\/uploads\/2024\/03\/Gastronomie.png&#8221; _builder_version=&#8221;4.27.0&#8243; _module_preset=&#8221;default&#8221; global_colors_info=&#8221;{}&#8221;]<\/p>\n<p>Si accompagna magnificamente al fegato d\u2019oca, ai pat\u00e8, ai formaggi stagionati ed a quelli piccanti. Ottimo con la piccola pasticceria \u00e8 anche vino da meditazione. Magnifico servito leggermente fresco.<\/p>\n<p>[\/dipi_price_list_item][dipi_price_list_item title=&#8221;Bottiglia&#8221; price=&#8221; &#8221; image=&#8221;https:\/\/www.borghettigiampiero.it\/wp-content\/uploads\/2024\/03\/Bottiglie.png&#8221; _builder_version=&#8221;4.27.4&#8243; _module_preset=&#8221;default&#8221; global_colors_info=&#8221;{}&#8221;]<\/p>\n<p>&#8222;Champagnotta\u201d da 750 ml (in cartone da 6 bt.).<\/p>\n<p>[\/dipi_price_list_item][\/dipi_price_list][\/et_pb_column][\/et_pb_row][\/et_pb_section][et_pb_section fb_built=&#8221;1&#8243; _builder_version=&#8221;4.24.2&#8243; _module_preset=&#8221;default&#8221; background_color=&#8221;#111111&#8243; background_enable_image=&#8221;off&#8221; custom_padding=&#8221;100px|||||&#8221; locked=&#8221;off&#8221; global_colors_info=&#8221;{}&#8221;][et_pb_row _builder_version=&#8221;4.19.3&#8243; _module_preset=&#8221;default&#8221; global_colors_info=&#8221;{}&#8221;][et_pb_column type=&#8221;4_4&#8243; _builder_version=&#8221;4.19.3&#8243; _module_preset=&#8221;default&#8221; global_colors_info=&#8221;{}&#8221;][dipi_divider content_type=&#8221;image&#8221; content_image=&#8221;https:\/\/www.borghettigiampiero.it\/wp-content\/uploads\/2024\/03\/img-03235.png&#8221; content_width=&#8221;61px&#8221; first_decoration_line_color=&#8221;#d2bf68&#8243; _builder_version=&#8221;4.24.2&#8243; _module_preset=&#8221;default&#8221; width=&#8221;30%&#8221; module_alignment=&#8221;center&#8221; custom_margin=&#8221;||-1px|||&#8221; global_colors_info=&#8221;{}&#8221;][\/dipi_divider][et_pb_text _builder_version=&#8221;4.25.0&#8243; _module_preset=&#8221;default&#8221; text_font=&#8221;Bebas Neue||||||||&#8221; text_text_color=&#8221;#848269&#8243; text_font_size=&#8221;20px&#8221; text_letter_spacing=&#8221;8px&#8221; text_orientation=&#8221;center&#8221; custom_margin=&#8221;||25px||false|false&#8221; custom_margin_tablet=&#8221;||25px||false|false&#8221; custom_margin_phone=&#8221;||20px||false|false&#8221; custom_margin_last_edited=&#8221;on|phone&#8221; text_letter_spacing_tablet=&#8221;8px&#8221; text_letter_spacing_phone=&#8221;4px&#8221; text_letter_spacing_last_edited=&#8221;on|phone&#8221; locked=&#8221;off&#8221; global_colors_info=&#8221;{}&#8221;]<\/p>\n<p>Dalla collezione<\/p>\n<p>[\/et_pb_text][et_pb_text _builder_version=&#8221;4.24.2&#8243; _module_preset=&#8221;default&#8221; header_2_font=&#8221;|300|||||||&#8221; header_2_text_align=&#8221;center&#8221; header_2_text_color=&#8221;#D4AF37&#8243; header_2_font_size=&#8221;40px&#8221; header_2_font_size_tablet=&#8221;40px&#8221; header_2_font_size_phone=&#8221;35px&#8221; header_2_font_size_last_edited=&#8221;on|phone&#8221; locked=&#8221;off&#8221; global_colors_info=&#8221;{}&#8221;]<\/p>\n<h2>I nostri classici<\/h2>\n<p>[\/et_pb_text][dipi_carousel columns=&#8221;5&#8243; container_padding=&#8221;0px|0px|0px|0px|true|true&#8221; autoplay_wide=&#8221;on&#8221; pause_on_hover_wide=&#8221;on&#8221; loop_mid=&#8221;on&#8221; autoplay_mid=&#8221;on&#8221; loop_small=&#8221;on&#8221; autoplay_small=&#8221;on&#8221; show_lightbox=&#8221;off&#8221; pagination=&#8221;on&#8221; pagination_color=&#8221;#848269&#8243; pagination_active_color=&#8221;#848269&#8243; columns_tablet=&#8221;3&#8243; columns_phone=&#8221;2&#8243; columns_last_edited=&#8221;on|phone&#8221; navigation_last_edited=&#8221;off|desktop&#8221; _builder_version=&#8221;4.27.4&#8243; _module_preset=&#8221;default&#8221; title_font=&#8221;||||||||&#8221; title_text_color=&#8221;#D4AF37&#8243; title_font_size=&#8221;25px&#8221; title_letter_spacing=&#8221;1px&#8221; desc_font=&#8221;Playfair Display||||||||&#8221; desc_text_color=&#8221;#D4AF37&#8243; desc_font_size=&#8221;18px&#8221; desc_line_height=&#8221;1.5em&#8221; background_color=&#8221;#111111&#8243; hover_enabled=&#8221;0&#8243; title_font_size_tablet=&#8221;20px&#8221; title_font_size_phone=&#8221;16px&#8221; title_font_size_last_edited=&#8221;on|phone&#8221; locked=&#8221;off&#8221; global_colors_info=&#8221;{}&#8221; sticky_enabled=&#8221;0&#8243;][dipi_carousel_child label=&#8221;Prosecco&#8221; img_src=&#8221;https:\/\/www.borghettigiampiero.it\/wp-content\/uploads\/2024\/08\/Borghetti-Prosecco_DOC.webp&#8221; img_alt=&#8221;Prosecco DOC Borghetti Giampiero &#8211; Prosecco DOC Brut&#8221; title_text=&#8221;PROSECCO&#8221; desc_text=&#8221;<\/p>\n<p>DOC Brut<\/p>\n<p>&#8221; img_width=&#8221;155px&#8221; _builder_version=&#8221;4.27.4&#8243; _dynamic_attributes=&#8221;link_option_url&#8221; _module_preset=&#8221;default&#8221; title_font=&#8221;||||||||&#8221; title_font_size=&#8221;30px&#8221; background_color=&#8221;#111111&#8243; background_enable_color=&#8221;on&#8221; custom_padding=&#8221;40px||||false|false&#8221; link_option_url=&#8221;@ET-DC@eyJkeW5hbWljIjp0cnVlLCJjb250ZW50IjoicG9zdF9saW5rX3VybF9wYWdlIiwic2V0dGluZ3MiOnsicG9zdF9pZCI6IjYzNDYifX0=@&#8221; hover_enabled=&#8221;0&#8243; border_color_all=&#8221;#111111&#8243; global_colors_info=&#8221;{}&#8221; transform_styles__hover_enabled=&#8221;on|hover&#8221; transform_scale__hover_enabled=&#8221;on|hover&#8221; transform_translate__hover_enabled=&#8221;on|desktop&#8221; transform_rotate__hover_enabled=&#8221;on|desktop&#8221; transform_skew__hover_enabled=&#8221;on|desktop&#8221; transform_origin__hover_enabled=&#8221;on|desktop&#8221; transform_scale__hover=&#8221;95%|95%&#8221; sticky_enabled=&#8221;0&#8243;][\/dipi_carousel_child][dipi_carousel_child label=&#8221;Prosecco Ros\u00e8&#8221; img_src=&#8221;https:\/\/www.borghettigiampiero.it\/wp-content\/uploads\/2025\/09\/BG_ROSE.webp&#8221; alt=&#8221;PROSECCO Ros\u00e8&#8221; img_alt=&#8221;Prosecco DOC Ros\u00e8 Brut Millesimato&#8221; title_text=&#8221;PROSECCO Ros\u00e8&#8221; desc_text=&#8221;<\/p>\n<p>DOC Ros\u00e8 Brut Millesimato<\/p>\n<p>&#8221; img_width=&#8221;125px&#8221; _builder_version=&#8221;4.27.4&#8243; _dynamic_attributes=&#8221;link_option_url&#8221; _module_preset=&#8221;default&#8221; title_font=&#8221;||||||||&#8221; title_font_size=&#8221;30px&#8221; background_color=&#8221;#111111&#8243; background_enable_color=&#8221;on&#8221; custom_padding=&#8221;40px||||false|false&#8221; link_option_url=&#8221;@ET-DC@eyJkeW5hbWljIjp0cnVlLCJjb250ZW50IjoicG9zdF9saW5rX3VybF9wYWdlIiwic2V0dGluZ3MiOnsicG9zdF9pZCI6IjYzMzUifX0=@&#8221; border_color_all=&#8221;#111111&#8243; global_colors_info=&#8221;{}&#8221; transform_styles__hover_enabled=&#8221;on|hover&#8221; transform_scale__hover_enabled=&#8221;on|hover&#8221; transform_translate__hover_enabled=&#8221;on|desktop&#8221; transform_rotate__hover_enabled=&#8221;on|desktop&#8221; transform_skew__hover_enabled=&#8221;on|desktop&#8221; transform_origin__hover_enabled=&#8221;on|desktop&#8221; transform_scale__hover=&#8221;95%|95%&#8221;][\/dipi_carousel_child][dipi_carousel_child label=&#8221;Moscato Spumante&#8221; img_src=&#8221;https:\/\/www.borghettigiampiero.it\/wp-content\/uploads\/2025\/09\/BG_dolcefarniente.webp&#8221; alt=&#8221;Dolce far niente&#8221; img_alt=&#8221;Moscato Spumante&#8221; title_text=&#8221;DOLCE FAR NIENTE&#8221; desc_text=&#8221;<\/p>\n<p>Moscato Spumante<\/p>\n<p>&#8221; img_width=&#8221;125px&#8221; _builder_version=&#8221;4.27.4&#8243; _dynamic_attributes=&#8221;link_option_url&#8221; _module_preset=&#8221;default&#8221; title_font=&#8221;||||||||&#8221; title_font_size=&#8221;30px&#8221; background_color=&#8221;#111111&#8243; background_enable_color=&#8221;on&#8221; custom_padding=&#8221;40px||||false|false&#8221; link_option_url=&#8221;@ET-DC@eyJkeW5hbWljIjp0cnVlLCJjb250ZW50IjoicG9zdF9saW5rX3VybF9wYWdlIiwic2V0dGluZ3MiOnsicG9zdF9pZCI6IjYzNTEifX0=@&#8221; border_color_all=&#8221;#111111&#8243; global_colors_info=&#8221;{}&#8221; transform_styles__hover_enabled=&#8221;on|hover&#8221; transform_scale__hover_enabled=&#8221;on|hover&#8221; transform_translate__hover_enabled=&#8221;on|desktop&#8221; transform_rotate__hover_enabled=&#8221;on|desktop&#8221; transform_skew__hover_enabled=&#8221;on|desktop&#8221; transform_origin__hover_enabled=&#8221;on|desktop&#8221; transform_scale__hover=&#8221;95%|95%&#8221;][\/dipi_carousel_child][dipi_carousel_child label=&#8221;Pinot&#8221; img_src=&#8221;https:\/\/www.borghettigiampiero.it\/wp-content\/uploads\/2025\/09\/BG_PINOT-GRIGIO.webp&#8221; alt=&#8221;PINOT GRIGIO&#8221; img_alt=&#8221;Pinot Grigio&#8221; title_text=&#8221;PINOT GRIGIO&#8221; desc_text=&#8221;<\/p>\n<p>delle Venezie DOC<\/p>\n<p>&#8221; img_width=&#8221;125px&#8221; _builder_version=&#8221;4.27.4&#8243; _dynamic_attributes=&#8221;link_option_url&#8221; _module_preset=&#8221;default&#8221; title_font=&#8221;||||||||&#8221; title_font_size=&#8221;30px&#8221; background_color=&#8221;#111111&#8243; background_enable_color=&#8221;on&#8221; custom_padding=&#8221;40px||||false|false&#8221; link_option_url=&#8221;@ET-DC@eyJkeW5hbWljIjp0cnVlLCJjb250ZW50IjoicG9zdF9saW5rX3VybF9wYWdlIiwic2V0dGluZ3MiOnsicG9zdF9pZCI6IjU4MzkifX0=@&#8221; border_color_all=&#8221;#111111&#8243; global_colors_info=&#8221;{}&#8221; transform_styles__hover_enabled=&#8221;on|hover&#8221; transform_scale__hover_enabled=&#8221;on|hover&#8221; transform_translate__hover_enabled=&#8221;on|desktop&#8221; transform_rotate__hover_enabled=&#8221;on|desktop&#8221; transform_skew__hover_enabled=&#8221;on|desktop&#8221; transform_origin__hover_enabled=&#8221;on|desktop&#8221; transform_scale__hover=&#8221;95%|95%&#8221;][\/dipi_carousel_child][dipi_carousel_child label=&#8221;Lugana&#8221; img_src=&#8221;https:\/\/www.borghettigiampiero.it\/wp-content\/uploads\/2025\/09\/BG_LUGANA.webp&#8221; alt=&#8221;Lugana&#8221; img_alt=&#8221;Lugana&#8221; title_text=&#8221;Lugana&#8221; desc_text=&#8221;<\/p>\n<p>DOC<\/p>\n<p>&#8221; img_width=&#8221;125px&#8221; _builder_version=&#8221;4.27.4&#8243; _dynamic_attributes=&#8221;link_option_url&#8221; _module_preset=&#8221;default&#8221; title_font=&#8221;||||||||&#8221; title_font_size=&#8221;30px&#8221; background_color=&#8221;#111111&#8243; background_enable_color=&#8221;on&#8221; custom_padding=&#8221;40px||||false|false&#8221; link_option_url=&#8221;@ET-DC@eyJkeW5hbWljIjp0cnVlLCJjb250ZW50IjoicG9zdF9saW5rX3VybF9wYWdlIiwic2V0dGluZ3MiOnsicG9zdF9pZCI6IjEwNDc0In19@&#8221; border_color_all=&#8221;#111111&#8243; global_colors_info=&#8221;{}&#8221; transform_styles__hover_enabled=&#8221;on|hover&#8221; transform_scale__hover_enabled=&#8221;on|hover&#8221; transform_translate__hover_enabled=&#8221;on|desktop&#8221; transform_rotate__hover_enabled=&#8221;on|desktop&#8221; transform_skew__hover_enabled=&#8221;on|desktop&#8221; transform_origin__hover_enabled=&#8221;on|desktop&#8221; transform_scale__hover=&#8221;95%|95%&#8221;][\/dipi_carousel_child][\/dipi_carousel][\/et_pb_column][\/et_pb_row][\/et_pb_section]<\/p>\n","protected":false},"excerpt":{"rendered":"<p>Veneto Selected CollectionDolce Far Niente<div class=\"et_pb_module dipi_breadcrumbs dipi_breadcrumbs_0\">\n\t\t\t\t\n\t\t\t\t\n\t\t\t\t\n\t\t\t\t\n\t\t\t\t\n\t\t\t\t\n\t\t\t\t<div class=\"et_pb_module_inner\">\n\t\t\t\t\t<div class=\"dipi-breadcrumbs dipi-bc-left\">\n                <ul >\n                    \n                                                \n                <\/ul>\n            <\/div>\n\t\t\t\t<\/div>\n\t\t\t<\/div><div class=\"et_pb_module dipi_parallax_images dipi_parallax_images_0\">\n\t\t\t\t\n\t\t\t\t\n\t\t\t\t\n\t\t\t\t\n\t\t\t\t\n\t\t\t\t\n\t\t\t\t<div class=\"et_pb_module_inner\">\n\t\t\t\t\t\n            <div class=\"dipi-parallax-images\" data-hoveronly=\"off\">\n                \n            <\/div>\n        \n\t\t\t\t<\/div>\n\t\t\t<\/div><div class=\"et_pb_module dipi_parallax_images_item dipi_parallax_images_item_0\">\n\t\t\t\t\n\t\t\t\t\n\t\t\t\t\n\t\t\t\t\n\t\t\t\t\n\t\t\t\t\n\t\t\t\t<div class=\"et_pb_module_inner\">\n\t\t\t\t\t\n            <div class=\"dipi-pi-item-image\" \n                data-depth-x=\"0\" data-depth-x-tablet=\"0\" data-depth-x-phone=\"0\"\n                data-depth-y=\"0\" data-depth-y-tablet=\"0\" data-depth-y-phone=\"0\"\n            >\n                <img decoding=\"async\" src=\"https:\/\/www.borghettigiampiero.it\/wp-content\/uploads\/2025\/09\/BG_dolcefarniente.webp\" alt=\"Dolce far niente\" \/>\n                \n            <\/div>\n\t\t\t\t<\/div>\n\t\t\t<\/div><div class=\"et_pb_module dipi_parallax_images_item dipi_parallax_images_item_1\">\n\t\t\t\t\n\t\t\t\t\n\t\t\t\t\n\t\t\t\t\n\t\t\t\t\n\t\t\t\t\n\t\t\t\t<div class=\"et_pb_module_inner\">\n\t\t\t\t\t\n            <div class=\"dipi-pi-item-image\" \n                data-depth-x=\"&#8221;0.2&#8243;\" data-depth-x-tablet=\"&#8221;0.2&#8243;\" data-depth-x-phone=\"&#8221;0.2&#8243;\"\n                data-depth-y=\"&#8221;0.2&#8243;\" data-depth-y-tablet=\"&#8221;0.2&#8243;\" data-depth-y-phone=\"&#8221;0.2&#8243;\"\n            >\n                <img decoding=\"async\" src=\"&#8221;https:\/\/www.borghettigiampiero.it\/wp-content\/uploads\/2024\/03\/img-03235.png&#8221;\" alt=\"\" \/>\n                \n            <\/div>\n\t\t\t\t<\/div>\n\t\t\t<\/div><\/p>\n","protected":false},"author":1,"featured_media":11824,"parent":4794,"menu_order":0,"comment_status":"closed","ping_status":"closed","template":"","meta":{"_et_pb_use_builder":"on","_et_pb_old_content":"","_et_gb_content_width":"","footnotes":""},"class_list":["post-6362","page","type-page","status-publish","has-post-thumbnail","hentry"],"_links":{"self":[{"href":"https:\/\/www.borghettigiampiero.it\/ro\/wp-json\/wp\/v2\/pages\/6362","targetHints":{"allow":["GET"]}}],"collection":[{"href":"https:\/\/www.borghettigiampiero.it\/ro\/wp-json\/wp\/v2\/pages"}],"about":[{"href":"https:\/\/www.borghettigiampiero.it\/ro\/wp-json\/wp\/v2\/types\/page"}],"author":[{"embeddable":true,"href":"https:\/\/www.borghettigiampiero.it\/ro\/wp-json\/wp\/v2\/users\/1"}],"replies":[{"embeddable":true,"href":"https:\/\/www.borghettigiampiero.it\/ro\/wp-json\/wp\/v2\/comments?post=6362"}],"version-history":[{"count":0,"href":"https:\/\/www.borghettigiampiero.it\/ro\/wp-json\/wp\/v2\/pages\/6362\/revisions"}],"up":[{"embeddable":true,"href":"https:\/\/www.borghettigiampiero.it\/ro\/wp-json\/wp\/v2\/pages\/4794"}],"wp:featuredmedia":[{"embeddable":true,"href":"https:\/\/www.borghettigiampiero.it\/ro\/wp-json\/wp\/v2\/media\/11824"}],"wp:attachment":[{"href":"https:\/\/www.borghettigiampiero.it\/ro\/wp-json\/wp\/v2\/media?parent=6362"}],"curies":[{"name":"wp","href":"https:\/\/api.w.org\/{rel}","templated":true}]}}